{"id":3502,"date":"2015-11-04T16:45:18","date_gmt":"2015-11-04T15:45:18","guid":{"rendered":"http:\/\/naehbistro.ch\/blog\/?page_id=3502"},"modified":"2017-02-26T14:50:31","modified_gmt":"2017-02-26T13:50:31","slug":"die-meistverkauften","status":"publish","type":"page","link":"https:\/\/naehbistro.ch\/blog\/die-meistverkauften\/","title":{"rendered":"Die Meistverkauften"},"content":{"rendered":"<table style=\"text-align: left; height: 88px;\">\n<tbody>\n<tr>\n<td style=\"width: 370px;\" colspan=\"3\" rowspan=\"1\">\n<h4 style=\"background-color: #d3e4ff;\">Carina Comfort<\/h4>\n<\/td>\n<\/tr>\n<tr>\n<td style=\"width: 120px;\" colspan=\"2\" rowspan=\"1\">40 Nutz- und Zierstiche mit diversen Overlockstichen zum N\u00e4hen und Vers\u00e4ubern von elastischen Stoffen.<br \/>\n4-Stufen-Knopflochautomatik. Die hohe Durchstichskraft garantiert das N\u00e4hen von dicken und d\u00fcnnen Stoffen, sie<br \/>\nn\u00e4ht auch problematische Stoffe wie Jersey oder Stretch m\u00fchelos.<br \/>\nEmpfehlenswert, mit f\u00fcnf Jahren Garantie.<\/td>\n<td style=\"width: 190px;\" colspan=\"1\" rowspan=\"2\"><script charset=\"utf-8\" type=\"text\/javascript\" src=\"http:\/\/ws-eu.amazon-adsystem.com\/widgets\/q?rt=tf_mfw&#038;ServiceVersion=20070822&#038;MarketPlace=DE&#038;ID=V20070822%2FDE%2Fnehbistro-21%2F8001%2F1409c11f-ae36-49a0-93d1-41e50ef883bb\"> <\/script><noscript><a HREF=\"http:\/\/ws-eu.amazon-adsystem.com\/widgets\/q?rt=tf_mfw&#038;ServiceVersion=20070822&#038;MarketPlace=DE&#038;ID=V20070822%2FDE%2Fnehbistro-21%2F8001%2F1409c11f-ae36-49a0-93d1-41e50ef883bb&#038;Operation=NoScript\">Amazon.de Widgets<\/a><\/noscript><\/td>\n<\/tr>\n<tr>\n<td style=\"width: 120px;\"><a title=\"Carina 291875 Professional N\u00e4hmaschine\" href=\"https:\/\/naehbistro.ch\/blog\/?p=2397\"><img data-recalc-dims=\"1\" loading=\"lazy\" decoding=\"async\" class=\"alignleft size-full wp-image-3324\" src=\"https:\/\/i0.wp.com\/naehbistro.ch\/blog\/wp-content\/uploads\/2012\/07\/b_info25.jpg?resize=113%2C25&#038;ssl=1\" alt=\"b_info25\" width=\"113\" height=\"25\" \/><\/a><\/td>\n<td style=\"width: 350px;\"><a href=\"http:\/\/www.amazon.de\/gp\/product\/B0037NX8QU\/ref=as_li_tf_tl?ie=UTF8&amp;camp=1638&amp;creative=6742&amp;creativeASIN=B0037NX8QU&amp;linkCode=as2&amp;tag=nehbistro-21\" target=\"_blank\" rel=\"noopener\"><img data-recalc-dims=\"1\" loading=\"lazy\" decoding=\"async\" class=\"alignleft size-full wp-image-3327\" src=\"https:\/\/i0.wp.com\/naehbistro.ch\/blog\/wp-content\/uploads\/2012\/07\/b_amazon.jpg?resize=113%2C25&#038;ssl=1\" alt=\"b_amazon\" width=\"113\" height=\"25\" \/><\/a><\/td>\n<\/tr>\n<\/tbody>\n<\/table>\n<table style=\"text-align: left; height: 88px;\">\n<tbody>\n<tr>\n<td style=\"width: 370px;\" colspan=\"3\" rowspan=\"1\">\n<h4 style=\"background-color: #d3e4ff;\">W6 N\u00e4hmaschine N 1235<\/h4>\n<\/td>\n<\/tr>\n<tr>\n<td style=\"width: 120px;\" colspan=\"2\" rowspan=\"1\">Eine solide N\u00e4hmaschine von Wertarbeit f\u00fcr Einsteiger, Hobby und Haushalt.<br \/>\nAusgezeichnetes Preis-Leistungsverh\u00e4ltnis<\/td>\n<td style=\"width: 190px;\" colspan=\"1\" rowspan=\"2\"><script charset=\"utf-8\" type=\"text\/javascript\" src=\"http:\/\/ws-eu.amazon-adsystem.com\/widgets\/q?rt=tf_mfw&#038;ServiceVersion=20070822&#038;MarketPlace=DE&#038;ID=V20070822%2FDE%2Fnehbistro-21%2F8001%2F3e26660e-58e9-4b1b-94d4-7af42107816d\"> <\/script><noscript><a HREF=\"http:\/\/ws-eu.amazon-adsystem.com\/widgets\/q?rt=tf_mfw&#038;ServiceVersion=20070822&#038;MarketPlace=DE&#038;ID=V20070822%2FDE%2Fnehbistro-21%2F8001%2F3e26660e-58e9-4b1b-94d4-7af42107816d&#038;Operation=NoScript\">Amazon.de Widgets<\/a><\/noscript><\/td>\n<\/tr>\n<tr>\n<td style=\"width: 120px;\"><a title=\"W6 \" href=\"https:\/\/naehbistro.ch\/blog\/?p=2245\"><img data-recalc-dims=\"1\" loading=\"lazy\" decoding=\"async\" class=\"alignleft size-full wp-image-3324\" src=\"https:\/\/i0.wp.com\/naehbistro.ch\/blog\/wp-content\/uploads\/2012\/07\/b_info25.jpg?resize=113%2C25&#038;ssl=1\" alt=\"b_info25\" width=\"113\" height=\"25\" \/> <\/a><\/td>\n<td style=\"width: 350px;\"><a href=\"http:\/\/www.amazon.de\/gp\/product\/B005DYM42A\/ref=as_li_tf_tl?ie=UTF8&amp;camp=1638&amp;creative=6742&amp;creativeASIN=B005DYM42A&amp;linkCode=as2&amp;tag=nehbistro-21\" target=\"_blank\" rel=\"noopener\"><img data-recalc-dims=\"1\" loading=\"lazy\" decoding=\"async\" class=\"alignleft size-full wp-image-3327\" src=\"https:\/\/i0.wp.com\/naehbistro.ch\/blog\/wp-content\/uploads\/2012\/07\/b_amazon.jpg?resize=113%2C25&#038;ssl=1\" alt=\"b_amazon\" width=\"113\" height=\"25\" \/> <\/a><\/td>\n<\/tr>\n<\/tbody>\n<\/table>\n<table style=\"text-align: left; height: 88px;\">\n<tbody>\n<tr>\n<td style=\"width: 370px;\" colspan=\"3\" rowspan=\"1\">\n<h4 style=\"background-color: #d3e4ff;\">W6 N\u00e4hmaschine N 1615<\/h4>\n<\/td>\n<\/tr>\n<tr>\n<td style=\"width: 120px;\" colspan=\"2\" rowspan=\"1\">Die preisg\u00fcnstige Einsteiger-Maschine mit Testurteil Stiftung Warentest &#8222;GUT&#8220;. F\u00fcr alle \u00c4nderungsarbeiten des t\u00e4glichen Haushaltsbedarfs.<\/td>\n<td style=\"width: 190px;\" colspan=\"1\" rowspan=\"2\"><script charset=\"utf-8\" type=\"text\/javascript\" src=\"http:\/\/ws-eu.amazon-adsystem.com\/widgets\/q?rt=tf_mfw&#038;ServiceVersion=20070822&#038;MarketPlace=DE&#038;ID=V20070822%2FDE%2Fnehbistro-21%2F8001%2F73cd8cd0-16de-4f18-8daa-e1603cdf3899\"> <\/script><noscript><br \/>\n<a HREF=\"http:\/\/ws-eu.amazon-adsystem.com\/widgets\/q?rt=tf_mfw&#038;ServiceVersion=20070822&#038;MarketPlace=DE&#038;ID=V20070822%2FDE%2Fnehbistro-21%2F8001%2F73cd8cd0-16de-4f18-8daa-e1603cdf3899&#038;Operation=NoScript\">Amazon.de Widgets<\/a><\/noscript><\/td>\n<\/tr>\n<tr>\n<td style=\"width: 120px;\"><a title=\"W6 1615 \" href=\"https:\/\/naehbistro.ch\/blog\/w6-nahmaschine-n-1615-von-wertarbeit\/\"><img data-recalc-dims=\"1\" loading=\"lazy\" decoding=\"async\" class=\"alignleft size-full wp-image-3324\" src=\"https:\/\/i0.wp.com\/naehbistro.ch\/blog\/wp-content\/uploads\/2012\/07\/b_info25.jpg?resize=113%2C25&#038;ssl=1\" alt=\"b_info25\" width=\"113\" height=\"25\" \/> <\/a><\/td>\n<td style=\"width: 350px;\"><a href=\"http:\/\/www.amazon.de\/gp\/product\/B0042WOX50\/ref=as_li_tf_tl?ie=UTF8&amp;camp=1638&amp;creative=6742&amp;creativeASIN=B0042WOX50&amp;linkCode=as2&amp;tag=nehbistro-21\" target=\"_blank\" rel=\"noopener\"><img data-recalc-dims=\"1\" loading=\"lazy\" decoding=\"async\" class=\"alignleft size-full wp-image-3327\" src=\"https:\/\/i0.wp.com\/naehbistro.ch\/blog\/wp-content\/uploads\/2012\/07\/b_amazon.jpg?resize=113%2C25&#038;ssl=1\" alt=\"b_amazon\" width=\"113\" height=\"25\" \/> <\/a><\/td>\n<\/tr>\n<\/tbody>\n<\/table>\n<table style=\"text-align: left; height: 88px;\">\n<tbody>\n<tr>\n<td style=\"width: 370px;\" colspan=\"3\" rowspan=\"1\">\n<h4 style=\"background-color: #d3e4ff;\">W6 N\u00e4hmaschine N 3300<\/h4>\n<\/td>\n<\/tr>\n<tr>\n<td style=\"width: 120px;\" colspan=\"2\" rowspan=\"1\">Die vielseitige N\u00e4hmaschine zum N\u00e4hen, Patchen, Quilten. F\u00fcr Fortgeschrittene mit h\u00f6heren Anspr\u00fcchen.<br \/>\nPreis-\/Leistungssieger Test 03\/2010<\/td>\n<td style=\"width: 190px;\" colspan=\"1\" rowspan=\"2\"><script charset=\"utf-8\" type=\"text\/javascript\" src=\"http:\/\/ws-eu.amazon-adsystem.com\/widgets\/q?rt=tf_mfw&#038;ServiceVersion=20070822&#038;MarketPlace=DE&#038;ID=V20070822%2FDE%2Fnehbistro-21%2F8001%2Fc8fdae13-fa3c-4b4a-9511-3af11ba52e6c\"> <\/script><noscript><a HREF=\"http:\/\/ws-eu.amazon-adsystem.com\/widgets\/q?rt=tf_mfw&#038;ServiceVersion=20070822&#038;MarketPlace=DE&#038;ID=V20070822%2FDE%2Fnehbistro-21%2F8001%2Fc8fdae13-fa3c-4b4a-9511-3af11ba52e6c&#038;Operation=NoScript\">Amazon.de Widgets<\/a><\/noscript><\/td>\n<td style=\"width: 120px;\"><a title=\"W6-3300\" href=\"https:\/\/naehbistro.ch\/blog\/?p=2345)\"><img data-recalc-dims=\"1\" loading=\"lazy\" decoding=\"async\" class=\"alignleft size-full wp-image-3324\" src=\"https:\/\/i0.wp.com\/naehbistro.ch\/blog\/wp-content\/uploads\/2012\/07\/b_info25.jpg?resize=113%2C25&#038;ssl=1\" alt=\"b_info25\" width=\"113\" height=\"25\" \/> <\/a><\/td>\n<td style=\"width: 350px;\"><a href=\"http:\/\/www.amazon.de\/gp\/product\/B005NYX03M\/ref=as_li_tf_tl?ie=UTF8&amp;camp=1638&amp;creative=6742&amp;creativeASIN=B0042WOX50&amp;linkCode=as2&amp;tag=nehbistro-21\" target=\"_blank\" rel=\"noopener\"><img data-recalc-dims=\"1\" loading=\"lazy\" decoding=\"async\" class=\"alignleft size-full wp-image-3327\" src=\"https:\/\/i0.wp.com\/naehbistro.ch\/blog\/wp-content\/uploads\/2012\/07\/b_amazon.jpg?resize=113%2C25&#038;ssl=1\" alt=\"b_amazon\" width=\"113\" height=\"25\" \/> <\/a><\/td>\n<\/tr>\n<\/tbody>\n<\/table>\n<table style=\"text-align: left; height: 88px;\">\n<tbody>\n<tr>\n<td style=\"width: 370px;\" colspan=\"3\" rowspan=\"1\">\n<h4 style=\"background-color: #d3e4ff;\">Singer Mercury 8280 Nutznaht-N\u00e4hmaschine<\/h4>\n<\/td>\n<\/tr>\n<tr>\n<td style=\"width: 120px;\" colspan=\"2\" rowspan=\"1\">Eine einfache mechanische N\u00e4hmaschine mit nur wenigen Stichen ohne Schnickschnack.<br \/>\nDaher leicht zu bedienen und f\u00fcr Anf\u00e4nger geeignet.<\/td>\n<td style=\"width: 190px;\" colspan=\"1\" rowspan=\"2\"><script charset=\"utf-8\" type=\"text\/javascript\" src=\"http:\/\/ws-eu.amazon-adsystem.com\/widgets\/q?rt=tf_mfw&#038;ServiceVersion=20070822&#038;MarketPlace=DE&#038;ID=V20070822%2FDE%2Fnehbistro-21%2F8001%2F3358b6f8-a632-4ff0-8ea6-5a15fa79add0\"> <\/script><noscript><a HREF=\"http:\/\/ws-eu.amazon-adsystem.com\/widgets\/q?rt=tf_mfw&#038;ServiceVersion=20070822&#038;MarketPlace=DE&#038;ID=V20070822%2FDE%2Fnehbistro-21%2F8001%2F3358b6f8-a632-4ff0-8ea6-5a15fa79add0&#038;Operation=NoScript\">Amazon.de Widgets<\/a><\/noscript><\/td>\n<td style=\"width: 120px;\"><a title=\"singer \" href=\"https:\/\/naehbistro.ch\/blog\/?p=421)\"><img data-recalc-dims=\"1\" loading=\"lazy\" decoding=\"async\" class=\"alignleft size-full wp-image-3324\" src=\"https:\/\/i0.wp.com\/naehbistro.ch\/blog\/wp-content\/uploads\/2012\/07\/b_info25.jpg?resize=113%2C25&#038;ssl=1\" alt=\"b_info25\" width=\"113\" height=\"25\" \/> <\/a><\/td>\n<td style=\"width: 350px;\"><a href=\"http:\/\/www.amazon.de\/gp\/product\/B000N5PN36\/ref=as_li_tf_tl?ie=UTF8&amp;camp=1638&amp;creative=6742&amp;creativeASIN=B000N5PN36&amp;linkCode=as2&amp;tag=nehbistro-21\" target=\"_blank\" rel=\"noopener\"><img data-recalc-dims=\"1\" loading=\"lazy\" decoding=\"async\" class=\"alignleft size-full wp-image-3327\" src=\"https:\/\/i0.wp.com\/naehbistro.ch\/blog\/wp-content\/uploads\/2012\/07\/b_amazon.jpg?resize=113%2C25&#038;ssl=1\" alt=\"b_amazon\" width=\"113\" height=\"25\" \/><\/a><\/td>\n<\/tr>\n<\/tbody>\n<\/table>\n<table style=\"text-align: left; height: 88px;\">\n<tbody>\n<tr>\n<td style=\"width: 370px;\" colspan=\"3\" rowspan=\"1\">\n<h4 style=\"background-color: #d3e4ff;\">Brother N\u00e4hmaschine Innov-is 10 a Anniversary<\/h4>\n<\/td>\n<\/tr>\n<tr>\n<td style=\"width: 120px;\" colspan=\"2\" rowspan=\"1\">Tolle Maschine voller Raffinessen und einer Automatik zum Spulen und Einf\u00e4deln.<br \/>\nLeicht bedienbar, auch f\u00fcr Einsteiger.<\/td>\n<td style=\"width: 190px;\" colspan=\"1\" rowspan=\"2\"><script charset=\"utf-8\" type=\"text\/javascript\" src=\"http:\/\/ws-eu.amazon-adsystem.com\/widgets\/q?rt=tf_mfw&#038;ServiceVersion=20070822&#038;MarketPlace=DE&#038;ID=V20070822%2FDE%2Fnehbistro-21%2F8001%2Fa6e59592-6bb8-4ce1-9627-7e2d70846739\"> <\/script><noscript><a HREF=\"http:\/\/ws-eu.amazon-adsystem.com\/widgets\/q?rt=tf_mfw&#038;ServiceVersion=20070822&#038;MarketPlace=DE&#038;ID=V20070822%2FDE%2Fnehbistro-21%2F8001%2Fa6e59592-6bb8-4ce1-9627-7e2d70846739&#038;Operation=NoScript\">Amazon.de Widgets<\/a><\/noscript><\/td>\n<td style=\"width: 120px;\"><a title=\"innov is 10 \" href=\"https:\/\/naehbistro.ch\/blog\/?p=1246)\"><img data-recalc-dims=\"1\" loading=\"lazy\" decoding=\"async\" class=\"alignleft size-full wp-image-3324\" src=\"https:\/\/i0.wp.com\/naehbistro.ch\/blog\/wp-content\/uploads\/2012\/07\/b_info25.jpg?resize=113%2C25&#038;ssl=1\" alt=\"b_info25\" width=\"113\" height=\"25\" \/> <\/a><\/td>\n<td style=\"width: 350px;\"><a href=\"http:\/\/www.amazon.de\/gp\/product\/B000XRNQ5Q\/ref=as_li_tf_tl?ie=UTF8&amp;camp=1638&amp;creative=6742&amp;creativeASIN=B000XRNQ5Q&amp;linkCode=as2&amp;tag=nehbistro-21\" target=\"_blank\" rel=\"noopener\"><img data-recalc-dims=\"1\" loading=\"lazy\" decoding=\"async\" class=\"alignleft size-full wp-image-3327\" src=\"https:\/\/i0.wp.com\/naehbistro.ch\/blog\/wp-content\/uploads\/2012\/07\/b_amazon.jpg?resize=113%2C25&#038;ssl=1\" alt=\"b_amazon\" width=\"113\" height=\"25\" \/><\/a><\/td>\n<\/tr>\n<\/tbody>\n<\/table>\n<table style=\"text-align: left; height: 88px;\">\n<tbody>\n<tr>\n<td style=\"width: 370px;\" colspan=\"3\" rowspan=\"1\">\n<h4 style=\"background-color: #d3e4ff;\">AEG 525 Mini N\u00e4hmaschine<\/h4>\n<\/td>\n<\/tr>\n<tr>\n<td style=\"width: 120px;\" colspan=\"2\" rowspan=\"1\">Ideal Maschine f\u00fcr kleine N\u00e4herinnen und Kinder, die wie &#8222;Erwachsene&#8220; n\u00e4hen wollen. Der Motor ist etwas schwach und eignet sich nicht f\u00fcr Jeans.<\/td>\n<td style=\"width: 190px;\" colspan=\"1\" rowspan=\"2\"><script charset=\"utf-8\" type=\"text\/javascript\" src=\"http:\/\/ws-eu.amazon-adsystem.com\/widgets\/q?rt=tf_mfw&#038;ServiceVersion=20070822&#038;MarketPlace=DE&#038;ID=V20070822%2FDE%2Fnehbistro-21%2F8001%2F141b5f8f-062f-42d0-9b4a-00a38f34e376\"> <\/script><noscript><a HREF=\"http:\/\/ws-eu.amazon-adsystem.com\/widgets\/q?rt=tf_mfw&#038;ServiceVersion=20070822&#038;MarketPlace=DE&#038;ID=V20070822%2FDE%2Fnehbistro-21%2F8001%2F141b5f8f-062f-42d0-9b4a-00a38f34e376&#038;Operation=NoScript\">Amazon.de Widgets<\/a><\/noscript><\/td>\n<td style=\"width: 120px;\"><a title=\"AEG Mini \" href=\"https:\/\/naehbistro.ch\/blog\/?p=2385)\"><img data-recalc-dims=\"1\" loading=\"lazy\" decoding=\"async\" class=\"alignleft size-full wp-image-3324\" src=\"https:\/\/i0.wp.com\/naehbistro.ch\/blog\/wp-content\/uploads\/2012\/07\/b_info25.jpg?resize=113%2C25&#038;ssl=1\" alt=\"b_info25\" width=\"113\" height=\"25\" \/> <\/a><\/td>\n<td style=\"width: 350px;\"><a href=\"http:\/\/www.amazon.de\/gp\/product\/B0030XMUQ6\/ref=as_li_tf_tl?ie=UTF8&amp;camp=1638&amp;creative=6742&amp;creativeASIN=B0030XMUQ6&amp;linkCode=as2&amp;tag=nehbistro-21\" target=\"_blank\" rel=\"noopener\"><img data-recalc-dims=\"1\" loading=\"lazy\" decoding=\"async\" class=\"alignleft size-full wp-image-3327\" src=\"https:\/\/i0.wp.com\/naehbistro.ch\/blog\/wp-content\/uploads\/2012\/07\/b_amazon.jpg?resize=113%2C25&#038;ssl=1\" alt=\"b_amazon\" width=\"113\" height=\"25\" \/><\/a><\/td>\n<\/tr>\n<\/tbody>\n<\/table>\n","protected":false},"excerpt":{"rendered":"<p>Carina Comfort 40 Nutz- und Zierstiche mit diversen Overlockstichen zum N\u00e4hen und Vers\u00e4ubern von elastischen Stoffen. 4-Stufen-Knopflochautomatik. Die hohe Durchstichskraft garantiert das N\u00e4hen von dicken und d\u00fcnnen Stoffen, sie n\u00e4ht auch problematische Stoffe wie Jersey oder Stretch m\u00fchelos. Empfehlenswert, mit f\u00fcnf Jahren Garantie. Amazon.de Widgets W6 N\u00e4hmaschine N 1235 Eine solide N\u00e4hmaschine von Wertarbeit f\u00fcr Einsteiger, Hobby und Haushalt. Ausgezeichnetes Preis-Leistungsverh\u00e4ltnis Amazon.de Widgets W6 N\u00e4hmaschine N 1615 Die preisg\u00fcnstige Einsteiger-Maschine <a class=\"more-link\" href=\"https:\/\/naehbistro.ch\/blog\/die-meistverkauften\/\">>> Weiterlesen<\/a><\/p>\n","protected":false},"author":9,"featured_media":0,"parent":0,"menu_order":0,"comment_status":"open","ping_status":"closed","template":"","meta":{"footnotes":""},"class_list":["post-3502","page","type-page","status-publish","hentry"],"jetpack_shortlink":"https:\/\/wp.me\/Pv2vX-Uu","jetpack-related-posts":[{"id":2470,"url":"https:\/\/naehbistro.ch\/blog\/nahmaschinen\/","url_meta":{"origin":3502,"position":0},"title":"N\u00e4hmaschinen","author":"Heribert Burkhard","date":"11. Juli 2016","format":false,"excerpt":"Heute sind in vielen Haushalten noch eine mechanische N\u00e4h\u00admaschine in Gebrauch, die vor vielen Jahren oft zur Hochzeit geschenkt wurde. Die Maschine bot nur wenige Stiche, die man an einem Handrad einstellen musste, im wwesentlichen sind sie jedoch gleich geblieben: der Oberfaden muss eingef\u00e4delt, die Spulen eingesetzt und die Stichart\u2026","rel":"","context":"\u00c4hnlicher Beitrag","block_context":{"text":"\u00c4hnlicher Beitrag","link":""},"img":{"alt_text":"b_info25","src":"https:\/\/i0.wp.com\/naehbistro.ch\/blog\/wp-content\/uploads\/2012\/07\/b_info25.jpg?resize=350%2C200&ssl=1","width":350,"height":200},"classes":[]},{"id":4483,"url":"https:\/\/naehbistro.ch\/blog\/lehrreiche-naehbuecher\/","url_meta":{"origin":3502,"position":1},"title":"N\u00e4h-Literatur","author":"Heribert Burkhard","date":"14. April 2016","format":false,"excerpt":"Lesenswerte B\u00fccher St\u00f6bern in einer Buchhandlung ist zwar immer wieder anregend, leider findet man selten die n\u00f6tige Zeit daf\u00fcr. Amazon liefert nahezu jedes Buch direkt nach Hause. Der Versand ist schnell und in der Regel kostenlos, ebenso ist Amazon kulant und ein sicherer Lieferant. Da m\u00fcssen Sie keine Angst haben,\u2026","rel":"","context":"\u00c4hnlicher Beitrag","block_context":{"text":"\u00c4hnlicher Beitrag","link":""},"img":{"alt_text":"","src":"","width":0,"height":0},"classes":[]},{"id":4576,"url":"https:\/\/naehbistro.ch\/blog\/selber-schneidern-liegt-im-trend\/","url_meta":{"origin":3502,"position":2},"title":"Selber Schneidern liegt im Trend","author":"Heribert Burkhard","date":"2. Oktober 2016","format":false,"excerpt":"Der einzige Mensch, der sich vern\u00fcnftig benimmt, ist mein Schneider. Er nimmt jedesmal neu Mass, wenn er mich trifft, w\u00e4hrend alle anderen immer die alten Massst\u00e4be anlegen in der Meinung, sie passten auch heute noch.\u201c \u00a0\u00a0\u00a0\u00a0\u00a0 George Bernard Shaw Wer dem Trend nachl\u00e4uft ist immer zu sp\u00e4t, setzen Sie den\u2026","rel":"","context":"\u00c4hnlicher Beitrag","block_context":{"text":"\u00c4hnlicher Beitrag","link":""},"img":{"alt_text":"","src":"","width":0,"height":0},"classes":[]},{"id":4572,"url":"https:\/\/naehbistro.ch\/blog\/sehenswerte-videos\/","url_meta":{"origin":3502,"position":3},"title":"Sehenswerte Videos","author":"Heribert Burkhard","date":"2. Oktober 2016","format":false,"excerpt":"Verschiedene Video-Anbieter im Internet (wie Youtube, Vimeo) bieten kostenlose Videos zum Anschauen. Leider ben\u00f6tigt es Spezialwissen, um diese f\u00fcr sich herunterzuladen. Oft ist es auch ungesetzlich. Hier eine Auswahl guter und hilfreicher Videos: DIY: Schnell & einfach Tischsets n\u00e4hen (f\u00fcr Anf\u00e4nger geeignet) Ein Tischset ist eine gute N\u00e4h\u00fcbung f\u00fcr Anf\u00e4nger.\u2026","rel":"","context":"\u00c4hnlicher Beitrag","block_context":{"text":"\u00c4hnlicher Beitrag","link":""},"img":{"alt_text":"","src":"","width":0,"height":0},"classes":[]},{"id":4201,"url":"https:\/\/naehbistro.ch\/blog\/kostenlose-schnittmuster\/","url_meta":{"origin":3502,"position":4},"title":"Empfohlene und kostenlose Schnittmuster","author":"Heribert Burkhard","date":"26. April 2015","format":false,"excerpt":"Weitere finden Sie \u00fcber die Google-Anzeigen. Da habe ich schon einige tolle Schnittmuster und Ideen gefunden (Leider kosteten sie meistens etwas, wenn auch nur wenig. Sie waren es aber wert.) Balihose \u00a0 Balihose - die weitgeschnittene Hose mit Krempelbund Die weite Sommerhose wird nach einem einfachen Schema zugeschnitten und ist\u2026","rel":"","context":"\u00c4hnlicher Beitrag","block_context":{"text":"\u00c4hnlicher Beitrag","link":""},"img":{"alt_text":"","src":"","width":0,"height":0},"classes":[]},{"id":4569,"url":"https:\/\/naehbistro.ch\/blog\/lesen-mit-kindle-paperwhite\/","url_meta":{"origin":3502,"position":5},"title":"Lesen mit Kindle Paperwhite","author":"Heribert Burkhard","date":"2. Oktober 2016","format":false,"excerpt":"Ihre Bibliothek direkt am N\u00e4htisch Eigentlich war ich skeptisch als mir die S\u00f6hne einen Kindle Paperwhite schenkten. Wozu auch? In meinen N\u00e4hb\u00fcchern und -heften kann mich mir Notizen hinterlegen, mit Buchzeichen habe ich schnellen Zugriff - es ist ja alles bestens organisiert. Brauch ich nicht. Schon bald merkte ich, dass\u2026","rel":"","context":"\u00c4hnlicher Beitrag","block_context":{"text":"\u00c4hnlicher Beitrag","link":""},"img":{"alt_text":"","src":"","width":0,"height":0},"classes":[]}],"jetpack_sharing_enabled":true,"_links":{"self":[{"href":"https:\/\/naehbistro.ch\/blog\/wp-json\/wp\/v2\/pages\/3502","targetHints":{"allow":["GET"]}}],"collection":[{"href":"https:\/\/naehbistro.ch\/blog\/wp-json\/wp\/v2\/pages"}],"about":[{"href":"https:\/\/naehbistro.ch\/blog\/wp-json\/wp\/v2\/types\/page"}],"author":[{"embeddable":true,"href":"https:\/\/naehbistro.ch\/blog\/wp-json\/wp\/v2\/users\/9"}],"replies":[{"embeddable":true,"href":"https:\/\/naehbistro.ch\/blog\/wp-json\/wp\/v2\/comments?post=3502"}],"version-history":[{"count":0,"href":"https:\/\/naehbistro.ch\/blog\/wp-json\/wp\/v2\/pages\/3502\/revisions"}],"wp:attachment":[{"href":"https:\/\/naehbistro.ch\/blog\/wp-json\/wp\/v2\/media?parent=3502"}],"curies":[{"name":"wp","href":"https:\/\/api.w.org\/{rel}","templated":true}]}}