{"id":3509,"date":"2016-10-04T16:46:57","date_gmt":"2016-10-04T14:46:57","guid":{"rendered":"http:\/\/naehbistro.ch\/blog\/?page_id=3509"},"modified":"2016-10-15T11:40:32","modified_gmt":"2016-10-15T09:40:32","slug":"mittelklasse-naehmaschinen-fuer-fortgeschrittene","status":"publish","type":"page","link":"https:\/\/naehbistro.ch\/blog\/mittelklasse-naehmaschinen-fuer-fortgeschrittene\/","title":{"rendered":"Mittelklasse-N\u00e4hmaschinen f\u00fcr Fortgeschrittene"},"content":{"rendered":"<p><em>In alphabetischer Reihenfolge<\/em><\/p>\n<hr \/>\n<p>AEG 227 LCD N\u00e4hmaschine&nbsp;<br \/>\nAEG NM 680 Premium Line N\u00e4hmaschine&nbsp;<br \/>\nBrother N\u00e4hmaschine BC-2500&nbsp;<br \/>\nBrother N\u00e4hmaschine XN1700 , obenliegende Spule, 17 Stichprogramme&nbsp;<br \/>\nCarina 291875 Professional N\u00e4hmaschine mit Zubeh\u00f6r&nbsp;<br \/>\nCarina 8360 Power und Stretch N\u00e4hmaschine mit Zubeh\u00f6r&nbsp;<br \/>\nCarina H10A Comfort N\u00e4hmaschine mit Zubeh\u00f6r&nbsp;<br \/>\nHusqvarna Viking H Class E 10 N\u00e4hmaschine&nbsp;<br \/>\nHusqvarna Viking H Class E 20 N\u00e4hmaschine&nbsp;<br \/>\nJuki N\u00e4hmaschine HZL-27Z<br \/>\nSinger 2259 Tradition N\u00e4hmaschine&nbsp;<br \/>\nSinger 2263 Tradition N\u00e4hmaschine&nbsp;<br \/>\nSinger 2273 Tradition Freiarm-Nutzstich-N\u00e4hmaschine&nbsp;<br \/>\nSinger 7463 Confidence N\u00e4hmaschine&nbsp;<br \/>\nSinger 8763 Curvy Computern\u00e4hmaschine&nbsp;<br \/>\nSinger Talent 3323 Naehmaschine&nbsp;<br \/>\nToyota Freiarm N\u00e4hmaschine J15 Super Jeans n\u00e4ht \u00fcber 12 Lagen JEANS&nbsp;<br \/>\nToyota SPA 34 N\u00e4hmaschine mit Zubeh\u00f6r&nbsp;<br \/>\nVictoria Overlock + Freiarm N\u00e4hmaschine&nbsp;<br \/>\nW6 Overlock N\u00e4hmaschine N 454D &nbsp;<\/p>\n<p>[ad code=3 align=left]<\/p>\n","protected":false},"excerpt":{"rendered":"<p>In alphabetischer Reihenfolge AEG 227 LCD N\u00e4hmaschine&nbsp; AEG NM 680 Premium Line N\u00e4hmaschine&nbsp; Brother N\u00e4hmaschine BC-2500&nbsp; Brother N\u00e4hmaschine XN1700 , obenliegende Spule, 17 Stichprogramme&nbsp; Carina 291875 Professional N\u00e4hmaschine mit Zubeh\u00f6r&nbsp; Carina 8360 Power und Stretch N\u00e4hmaschine mit Zubeh\u00f6r&nbsp; Carina H10A Comfort N\u00e4hmaschine mit Zubeh\u00f6r&nbsp; Husqvarna Viking H Class E 10 N\u00e4hmaschine&nbsp; Husqvarna Viking H Class E 20 N\u00e4hmaschine&nbsp; Juki N\u00e4hmaschine HZL-27Z Singer 2259 Tradition N\u00e4hmaschine&nbsp; Singer 2263 Tradition N\u00e4hmaschine&nbsp; Singer <a class=\"more-link\" href=\"https:\/\/naehbistro.ch\/blog\/mittelklasse-naehmaschinen-fuer-fortgeschrittene\/\">>> Weiterlesen<\/a><\/p>\n","protected":false},"author":9,"featured_media":0,"parent":0,"menu_order":0,"comment_status":"open","ping_status":"closed","template":"","meta":{"footnotes":""},"class_list":["post-3509","page","type-page","status-publish","hentry"],"jetpack_shortlink":"https:\/\/wp.me\/Pv2vX-UB","jetpack-related-posts":[{"id":3506,"url":"https:\/\/naehbistro.ch\/blog\/einsteiger-bis-etwa-100-euro\/","url_meta":{"origin":3509,"position":0},"title":"Einsteiger (bis etwa 100 Euro)","author":"Heribert Burkhard","date":"4. November 2015","format":false,"excerpt":"In alphabetischer Reihenfolge [instagram-feed] AEG NM 220 N\u00e4hmaschine Eine Freiarm.N\u00e4hmaschine mit Flachbett-Anschiebetisch. Sie hat 25 N\u00e4hprogramme wie: 3fach Geradstich, 3fach Zickzack Stich, Trikotstich, 4-Stufen Knopfloch, Blindstich, Overlockstich, Stretchnaht, Stopffunktion und Doppelnadelfunktion. Sie wird oft auch im Lidl als Aktionsmaschine angeboten AEG 376 N\u00e4hmaschine Eine preiswerte Maschine mit 26 Stichprogrammen und\u2026","rel":"","context":"\u00c4hnlicher Beitrag","block_context":{"text":"\u00c4hnlicher Beitrag","link":""},"img":{"alt_text":"","src":"","width":0,"height":0},"classes":[]},{"id":3502,"url":"https:\/\/naehbistro.ch\/blog\/die-meistverkauften\/","url_meta":{"origin":3509,"position":1},"title":"Die Meistverkauften","author":"Heribert Burkhard","date":"4. November 2015","format":false,"excerpt":"Carina Comfort 40 Nutz- und Zierstiche mit diversen Overlockstichen zum N\u00e4hen und Vers\u00e4ubern von elastischen Stoffen. 4-Stufen-Knopflochautomatik. Die hohe Durchstichskraft garantiert das N\u00e4hen von dicken und d\u00fcnnen Stoffen, sie n\u00e4ht auch problematische Stoffe wie Jersey oder Stretch m\u00fchelos. Empfehlenswert, mit f\u00fcnf Jahren Garantie. Amazon.de Widgets W6 N\u00e4hmaschine N 1235 Eine\u2026","rel":"","context":"\u00c4hnlicher Beitrag","block_context":{"text":"\u00c4hnlicher Beitrag","link":""},"img":{"alt_text":"b_info25","src":"https:\/\/i0.wp.com\/naehbistro.ch\/blog\/wp-content\/uploads\/2012\/07\/b_info25.jpg?resize=350%2C200&ssl=1","width":350,"height":200},"classes":[]},{"id":3511,"url":"https:\/\/naehbistro.ch\/blog\/computer-und-profinaehmaschinen\/","url_meta":{"origin":3509,"position":2},"title":"Computer- und Profin\u00e4hmaschinen","author":"Heribert Burkhard","date":"4. November 2015","format":false,"excerpt":"Diese Maschinen kosten in der Regel viel Geld. Sie sind es aber auch wert. Am besten kaufen Sie diese bei einem spezialisierten Fachh\u00e4ndler, welcher Sie an der Maschinen ausbilden oder Sie bei Fragen unterst\u00fctzen kann. In alphabetischer Reihenfolge Brother N\u00e4hmaschine Innov-is 30\u00a0 Brother N\u00e4hmaschine \/ Stickmaschine Innov-is 950\u00a0 Brother N\u00e4hmaschine\u2026","rel":"","context":"\u00c4hnlicher Beitrag","block_context":{"text":"\u00c4hnlicher Beitrag","link":""},"img":{"alt_text":"","src":"","width":0,"height":0},"classes":[]},{"id":2470,"url":"https:\/\/naehbistro.ch\/blog\/nahmaschinen\/","url_meta":{"origin":3509,"position":3},"title":"N\u00e4hmaschinen","author":"Heribert Burkhard","date":"11. Juli 2016","format":false,"excerpt":"Heute sind in vielen Haushalten noch eine mechanische N\u00e4h\u00admaschine in Gebrauch, die vor vielen Jahren oft zur Hochzeit geschenkt wurde. Die Maschine bot nur wenige Stiche, die man an einem Handrad einstellen musste, im wwesentlichen sind sie jedoch gleich geblieben: der Oberfaden muss eingef\u00e4delt, die Spulen eingesetzt und die Stichart\u2026","rel":"","context":"\u00c4hnlicher Beitrag","block_context":{"text":"\u00c4hnlicher Beitrag","link":""},"img":{"alt_text":"b_info25","src":"https:\/\/i0.wp.com\/naehbistro.ch\/blog\/wp-content\/uploads\/2012\/07\/b_info25.jpg?resize=350%2C200&ssl=1","width":350,"height":200},"classes":[]},{"id":4576,"url":"https:\/\/naehbistro.ch\/blog\/selber-schneidern-liegt-im-trend\/","url_meta":{"origin":3509,"position":4},"title":"Selber Schneidern liegt im Trend","author":"Heribert Burkhard","date":"2. Oktober 2016","format":false,"excerpt":"Der einzige Mensch, der sich vern\u00fcnftig benimmt, ist mein Schneider. Er nimmt jedesmal neu Mass, wenn er mich trifft, w\u00e4hrend alle anderen immer die alten Massst\u00e4be anlegen in der Meinung, sie passten auch heute noch.\u201c \u00a0\u00a0\u00a0\u00a0\u00a0 George Bernard Shaw Wer dem Trend nachl\u00e4uft ist immer zu sp\u00e4t, setzen Sie den\u2026","rel":"","context":"\u00c4hnlicher Beitrag","block_context":{"text":"\u00c4hnlicher Beitrag","link":""},"img":{"alt_text":"","src":"","width":0,"height":0},"classes":[]},{"id":4483,"url":"https:\/\/naehbistro.ch\/blog\/lehrreiche-naehbuecher\/","url_meta":{"origin":3509,"position":5},"title":"N\u00e4h-Literatur","author":"Heribert Burkhard","date":"14. April 2016","format":false,"excerpt":"Lesenswerte B\u00fccher St\u00f6bern in einer Buchhandlung ist zwar immer wieder anregend, leider findet man selten die n\u00f6tige Zeit daf\u00fcr. Amazon liefert nahezu jedes Buch direkt nach Hause. Der Versand ist schnell und in der Regel kostenlos, ebenso ist Amazon kulant und ein sicherer Lieferant. Da m\u00fcssen Sie keine Angst haben,\u2026","rel":"","context":"\u00c4hnlicher Beitrag","block_context":{"text":"\u00c4hnlicher Beitrag","link":""},"img":{"alt_text":"","src":"","width":0,"height":0},"classes":[]}],"jetpack_sharing_enabled":true,"_links":{"self":[{"href":"https:\/\/naehbistro.ch\/blog\/wp-json\/wp\/v2\/pages\/3509","targetHints":{"allow":["GET"]}}],"collection":[{"href":"https:\/\/naehbistro.ch\/blog\/wp-json\/wp\/v2\/pages"}],"about":[{"href":"https:\/\/naehbistro.ch\/blog\/wp-json\/wp\/v2\/types\/page"}],"author":[{"embeddable":true,"href":"https:\/\/naehbistro.ch\/blog\/wp-json\/wp\/v2\/users\/9"}],"replies":[{"embeddable":true,"href":"https:\/\/naehbistro.ch\/blog\/wp-json\/wp\/v2\/comments?post=3509"}],"version-history":[{"count":0,"href":"https:\/\/naehbistro.ch\/blog\/wp-json\/wp\/v2\/pages\/3509\/revisions"}],"wp:attachment":[{"href":"https:\/\/naehbistro.ch\/blog\/wp-json\/wp\/v2\/media?parent=3509"}],"curies":[{"name":"wp","href":"https:\/\/api.w.org\/{rel}","templated":true}]}}