{"id":3511,"date":"2015-11-04T16:47:16","date_gmt":"2015-11-04T15:47:16","guid":{"rendered":"http:\/\/naehbistro.ch\/blog\/?page_id=3511"},"modified":"2016-10-15T11:38:37","modified_gmt":"2016-10-15T09:38:37","slug":"computer-und-profinaehmaschinen","status":"publish","type":"page","link":"https:\/\/naehbistro.ch\/blog\/computer-und-profinaehmaschinen\/","title":{"rendered":"Computer- und Profin\u00e4hmaschinen"},"content":{"rendered":"<p>Diese Maschinen kosten in der Regel viel Geld. Sie sind es aber auch wert.<br \/>\nAm besten kaufen Sie diese bei einem spezialisierten Fachh\u00e4ndler, welcher Sie an der Maschinen ausbilden oder Sie bei Fragen unterst\u00fctzen kann.<\/p>\n<p><em>In alphabetischer Reihenfolge<\/em><\/p>\n<hr \/>\n<p>Brother N\u00e4hmaschine Innov-is 30&nbsp;<br \/>\nBrother N\u00e4hmaschine \/ Stickmaschine Innov-is 950&nbsp;<br \/>\nBrother N\u00e4hmaschine Innov-is 50&nbsp;<br \/>\nCarina Evolution Computern\u00e4hmaschine mit Multifunktionsdisplay&nbsp;<br \/>\nSinger Computern\u00e4hmaschine 160 <\/p>\n","protected":false},"excerpt":{"rendered":"<p>Diese Maschinen kosten in der Regel viel Geld. Sie sind es aber auch wert. Am besten kaufen Sie diese bei einem spezialisierten Fachh\u00e4ndler, welcher Sie an der Maschinen ausbilden oder Sie bei Fragen unterst\u00fctzen kann. In alphabetischer Reihenfolge Brother N\u00e4hmaschine Innov-is 30&nbsp; Brother N\u00e4hmaschine \/ Stickmaschine Innov-is 950&nbsp; Brother N\u00e4hmaschine Innov-is 50&nbsp; Carina Evolution Computern\u00e4hmaschine mit Multifunktionsdisplay&nbsp; Singer Computern\u00e4hmaschine 160<\/p>\n","protected":false},"author":9,"featured_media":0,"parent":0,"menu_order":0,"comment_status":"open","ping_status":"closed","template":"","meta":{"footnotes":""},"class_list":["post-3511","page","type-page","status-publish","hentry"],"jetpack_shortlink":"https:\/\/wp.me\/Pv2vX-UD","jetpack-related-posts":[{"id":3502,"url":"https:\/\/naehbistro.ch\/blog\/die-meistverkauften\/","url_meta":{"origin":3511,"position":0},"title":"Die Meistverkauften","author":"Heribert Burkhard","date":"4. November 2015","format":false,"excerpt":"Carina Comfort 40 Nutz- und Zierstiche mit diversen Overlockstichen zum N\u00e4hen und Vers\u00e4ubern von elastischen Stoffen. 4-Stufen-Knopflochautomatik. Die hohe Durchstichskraft garantiert das N\u00e4hen von dicken und d\u00fcnnen Stoffen, sie n\u00e4ht auch problematische Stoffe wie Jersey oder Stretch m\u00fchelos. Empfehlenswert, mit f\u00fcnf Jahren Garantie. Amazon.de Widgets W6 N\u00e4hmaschine N 1235 Eine\u2026","rel":"","context":"\u00c4hnlicher Beitrag","block_context":{"text":"\u00c4hnlicher Beitrag","link":""},"img":{"alt_text":"b_info25","src":"https:\/\/i0.wp.com\/naehbistro.ch\/blog\/wp-content\/uploads\/2012\/07\/b_info25.jpg?resize=350%2C200&ssl=1","width":350,"height":200},"classes":[]},{"id":3509,"url":"https:\/\/naehbistro.ch\/blog\/mittelklasse-naehmaschinen-fuer-fortgeschrittene\/","url_meta":{"origin":3511,"position":1},"title":"Mittelklasse-N\u00e4hmaschinen f\u00fcr Fortgeschrittene","author":"Heribert Burkhard","date":"4. Oktober 2016","format":false,"excerpt":"In alphabetischer Reihenfolge AEG 227 LCD N\u00e4hmaschine\u00a0 AEG NM 680 Premium Line N\u00e4hmaschine\u00a0 Brother N\u00e4hmaschine BC-2500\u00a0 Brother N\u00e4hmaschine XN1700 , obenliegende Spule, 17 Stichprogramme\u00a0 Carina 291875 Professional N\u00e4hmaschine mit Zubeh\u00f6r\u00a0 Carina 8360 Power und Stretch N\u00e4hmaschine mit Zubeh\u00f6r\u00a0 Carina H10A Comfort N\u00e4hmaschine mit Zubeh\u00f6r\u00a0 Husqvarna Viking H Class E 10\u2026","rel":"","context":"\u00c4hnlicher Beitrag","block_context":{"text":"\u00c4hnlicher Beitrag","link":""},"img":{"alt_text":"","src":"","width":0,"height":0},"classes":[]},{"id":2470,"url":"https:\/\/naehbistro.ch\/blog\/nahmaschinen\/","url_meta":{"origin":3511,"position":2},"title":"N\u00e4hmaschinen","author":"Heribert Burkhard","date":"11. Juli 2016","format":false,"excerpt":"Heute sind in vielen Haushalten noch eine mechanische N\u00e4h\u00admaschine in Gebrauch, die vor vielen Jahren oft zur Hochzeit geschenkt wurde. Die Maschine bot nur wenige Stiche, die man an einem Handrad einstellen musste, im wwesentlichen sind sie jedoch gleich geblieben: der Oberfaden muss eingef\u00e4delt, die Spulen eingesetzt und die Stichart\u2026","rel":"","context":"\u00c4hnlicher Beitrag","block_context":{"text":"\u00c4hnlicher Beitrag","link":""},"img":{"alt_text":"b_info25","src":"https:\/\/i0.wp.com\/naehbistro.ch\/blog\/wp-content\/uploads\/2012\/07\/b_info25.jpg?resize=350%2C200&ssl=1","width":350,"height":200},"classes":[]},{"id":3506,"url":"https:\/\/naehbistro.ch\/blog\/einsteiger-bis-etwa-100-euro\/","url_meta":{"origin":3511,"position":3},"title":"Einsteiger (bis etwa 100 Euro)","author":"Heribert Burkhard","date":"4. November 2015","format":false,"excerpt":"In alphabetischer Reihenfolge [instagram-feed] AEG NM 220 N\u00e4hmaschine Eine Freiarm.N\u00e4hmaschine mit Flachbett-Anschiebetisch. Sie hat 25 N\u00e4hprogramme wie: 3fach Geradstich, 3fach Zickzack Stich, Trikotstich, 4-Stufen Knopfloch, Blindstich, Overlockstich, Stretchnaht, Stopffunktion und Doppelnadelfunktion. Sie wird oft auch im Lidl als Aktionsmaschine angeboten AEG 376 N\u00e4hmaschine Eine preiswerte Maschine mit 26 Stichprogrammen und\u2026","rel":"","context":"\u00c4hnlicher Beitrag","block_context":{"text":"\u00c4hnlicher Beitrag","link":""},"img":{"alt_text":"","src":"","width":0,"height":0},"classes":[]},{"id":4576,"url":"https:\/\/naehbistro.ch\/blog\/selber-schneidern-liegt-im-trend\/","url_meta":{"origin":3511,"position":4},"title":"Selber Schneidern liegt im Trend","author":"Heribert Burkhard","date":"2. Oktober 2016","format":false,"excerpt":"Der einzige Mensch, der sich vern\u00fcnftig benimmt, ist mein Schneider. Er nimmt jedesmal neu Mass, wenn er mich trifft, w\u00e4hrend alle anderen immer die alten Massst\u00e4be anlegen in der Meinung, sie passten auch heute noch.\u201c \u00a0\u00a0\u00a0\u00a0\u00a0 George Bernard Shaw Wer dem Trend nachl\u00e4uft ist immer zu sp\u00e4t, setzen Sie den\u2026","rel":"","context":"\u00c4hnlicher Beitrag","block_context":{"text":"\u00c4hnlicher Beitrag","link":""},"img":{"alt_text":"","src":"","width":0,"height":0},"classes":[]},{"id":4483,"url":"https:\/\/naehbistro.ch\/blog\/lehrreiche-naehbuecher\/","url_meta":{"origin":3511,"position":5},"title":"N\u00e4h-Literatur","author":"Heribert Burkhard","date":"14. April 2016","format":false,"excerpt":"Lesenswerte B\u00fccher St\u00f6bern in einer Buchhandlung ist zwar immer wieder anregend, leider findet man selten die n\u00f6tige Zeit daf\u00fcr. Amazon liefert nahezu jedes Buch direkt nach Hause. Der Versand ist schnell und in der Regel kostenlos, ebenso ist Amazon kulant und ein sicherer Lieferant. Da m\u00fcssen Sie keine Angst haben,\u2026","rel":"","context":"\u00c4hnlicher Beitrag","block_context":{"text":"\u00c4hnlicher Beitrag","link":""},"img":{"alt_text":"","src":"","width":0,"height":0},"classes":[]}],"jetpack_sharing_enabled":true,"_links":{"self":[{"href":"https:\/\/naehbistro.ch\/blog\/wp-json\/wp\/v2\/pages\/3511","targetHints":{"allow":["GET"]}}],"collection":[{"href":"https:\/\/naehbistro.ch\/blog\/wp-json\/wp\/v2\/pages"}],"about":[{"href":"https:\/\/naehbistro.ch\/blog\/wp-json\/wp\/v2\/types\/page"}],"author":[{"embeddable":true,"href":"https:\/\/naehbistro.ch\/blog\/wp-json\/wp\/v2\/users\/9"}],"replies":[{"embeddable":true,"href":"https:\/\/naehbistro.ch\/blog\/wp-json\/wp\/v2\/comments?post=3511"}],"version-history":[{"count":0,"href":"https:\/\/naehbistro.ch\/blog\/wp-json\/wp\/v2\/pages\/3511\/revisions"}],"wp:attachment":[{"href":"https:\/\/naehbistro.ch\/blog\/wp-json\/wp\/v2\/media?parent=3511"}],"curies":[{"name":"wp","href":"https:\/\/api.w.org\/{rel}","templated":true}]}}