{"id":3928,"date":"2015-05-30T08:24:28","date_gmt":"2015-05-30T06:24:28","guid":{"rendered":"http:\/\/naehbistro.ch\/blog\/?page_id=3928"},"modified":"2026-01-15T17:32:11","modified_gmt":"2026-01-15T16:32:11","slug":"datenschutzerklaerung","status":"publish","type":"page","link":"https:\/\/naehbistro.ch\/blog\/datenschutzerklaerung\/","title":{"rendered":"Datenschutzerkl\u00e4rung"},"content":{"rendered":"\n<h3 class=\"wp-block-heading\"><strong>Datenschutz<\/strong><\/h3>\n\n\n\n<p>Die Nutzung unserer Webseite ist in der Regel ohne Angabe personenbezogener Daten m\u00f6glich. Soweit auf unseren Seiten personenbezogene Daten (beispielsweise Name, Anschrift oder eMail-Adressen) erhoben werden, erfolgt dies, soweit m\u00f6glich, stets auf freiwilliger Basis. Diese Daten werden ohne Ihre ausdr\u00fcckliche Zustimmung nicht an Dritte weitergegeben.<br \/>Wir weisen darauf hin, dass die Daten\u00fcbertragung im Internet (z.B. bei der Kommunikation per E-Mail) Sicherheitsl\u00fccken aufweisen kann. Ein l\u00fcckenloser Schutz der Daten vor dem Zugriff durch Dritte ist nicht m\u00f6glich.<br \/>Der Nutzung von im Rahmen der Impressumspflicht ver\u00f6ffentlichten Kontaktdaten durch Dritte zur \u00dcbersendung von nicht ausdr\u00fccklich angeforderter Werbung und Informationsmaterialien wird hiermit ausdr\u00fccklich widersprochen. Die Betreiber der Seiten behalten sich ausdr\u00fccklich rechtliche Schritte im Falle der unverlangten Zusendung von Werbeinformationen, etwa durch Spam-Mails, vor.d<\/p>\n\n\n\n<h3 class=\"wp-block-heading\">  <\/h3>\n\n\n\n<p><\/p>\n\n\n\n<h3 class=\"wp-block-heading\"><strong>Google Adsense<\/strong><\/h3>\n\n\n\n<p>Diese Website benutzt Google AdSense, einen Dienst zum Einbinden von Werbeanzeigen der Google Inc. (&#8222;Google&#8220;). Google AdSense verwendet sog. &#8222;Cookies&#8220;, Textdateien, die auf Ihrem Computer gespeichert werden und die eine Analyse der Benutzung der Website erm\u00f6glicht. Google AdSense verwendet auch so genannte Web Beacons (unsichtbare Grafiken). Durch diese Web Beacons k\u00f6nnen Informationen wie der Besucherverkehr auf diesen Seiten ausgewertet werden.<br \/>Die durch Cookies und Web Beacons erzeugten Informationen \u00fcber die Benutzung dieser Website (einschlie\u00dflich Ihrer IP-Adresse) und Auslieferung von Werbeformaten werden an einen Server von Google in den USA \u00fcbertragen und dort gespeichert. Diese Informationen k\u00f6nnen von Google an Vertragspartner von Google weiter gegeben werden. Google wird Ihre IP-Adresse jedoch nicht mit anderen von Ihnen gespeicherten Daten zusammenf\u00fchren.<br \/>Sie k\u00f6nnen die Installation der Cookies durch eine entsprechende Einstellung Ihrer Browser Software verhindern; wir weisen Sie jedoch darauf hin, dass Sie in diesem Fall gegebenenfalls nicht s\u00e4mtliche Funktionen dieser Website voll umf\u00e4nglich nutzen k\u00f6nnen. Durch die Nutzung dieser Website erkl\u00e4ren Sie sich mit der Bearbeitung der \u00fcber Sie erhobenen Daten durch Google in der zuvor beschriebenen Art und Weise und zu dem zuvor benannten Zweck einverstanden.<\/p>\n\n\n\n<h3 class=\"wp-block-heading\"><strong>Verwendung der erfassten Informationen:<\/strong><\/h3>\n\n\n\n<p>Neben den oben erl\u00e4uterten Verwendungszwecken werden die von Ihnen bereitgestellten Informationen gem\u00e4\u00df den geltenden Google-Datenschutzbestimmungen genutzt. Google ver\u00f6ffentlicht m\u00f6glicherweise zusammengefasste Statistiken \u00fcber die +1-Aktivit\u00e4ten der Nutzer bzw. gibt diese an Nutzer und Partner weiter, wie etwa Publisher, Inserenten oder verbundene Websites.<\/p>\n\n\n\n<p><\/p>\n\n\n\n<p><strong>We use the WP Statistics plugin to analyze traffic on our website.<\/strong>&nbsp;WP Statistics stores its data on our own server and does not transmit it to any third parties. Below, we describe what information we collect through WP Statistics, why we collect it, and how it is handled. If you have questions or concerns about our analytics practices, please contact us or review the&nbsp;<a href=\"https:\/\/wp-statistics.com\/resources\/wp-statistics-data-privacy\/?utm_source=wp-statistics&amp;utm_medium=link&amp;utm_campaign=privacy-policy\" target=\"_blank\" rel=\"noreferrer noopener\">WP Statistics Data Privacy guide.<\/a><\/p>\n\n\n\n<p>Wir speichern die&nbsp;<strong>IP-Adressen<\/strong>&nbsp;unserer Besucher so, dass eine Identifizierung m\u00f6glich ist. Im Einzelnen:<\/p>\n\n\n\n<ul class=\"wp-block-list\">\n<li><strong>Collecting IP Data<\/strong>: Your IP address is recorded alongside your page visits, which can sometimes be used to estimate your location (country, city).<\/li>\n\n\n\n<li><strong>Warum wir IPs speichern<\/strong>: Dies hilft uns, einzelne Besuche zu erkennen, m\u00f6glichen Missbrauch oder Sicherheitsprobleme zu identifizieren und genaue Traffic-Daten zu sammeln.<\/li>\n\n\n\n<li><strong>Data Protection<\/strong>: We keep IP records on our own server, secured and accessible only to authorized staff. We do not share them unless required by law.<\/li>\n\n\n\n<li><strong>Privacy Considerations<\/strong>: Since IP addresses may be considered personal data, we take reasonable measures to protect them. You can contact us regarding removal or other data rights if you feel your IP address is personally identifying.<\/li>\n<\/ul>\n\n\n\n<p><\/p>\n","protected":false},"excerpt":{"rendered":"<p>Datenschutz Die Nutzung unserer Webseite ist in der Regel ohne Angabe personenbezogener Daten m\u00f6glich. Soweit auf unseren Seiten personenbezogene Daten (beispielsweise Name, Anschrift oder eMail-Adressen) erhoben werden, erfolgt dies, soweit m\u00f6glich, stets auf freiwilliger Basis. Diese Daten werden ohne Ihre ausdr\u00fcckliche Zustimmung nicht an Dritte weitergegeben.Wir weisen darauf hin, dass die Daten\u00fcbertragung im Internet (z.B. bei der Kommunikation per E-Mail) Sicherheitsl\u00fccken aufweisen kann. Ein l\u00fcckenloser Schutz der Daten vor dem <a class=\"more-link\" href=\"https:\/\/naehbistro.ch\/blog\/datenschutzerklaerung\/\">>> Weiterlesen<\/a><\/p>\n","protected":false},"author":9,"featured_media":0,"parent":0,"menu_order":0,"comment_status":"open","ping_status":"closed","template":"","meta":{"footnotes":""},"class_list":["post-3928","page","type-page","status-publish","hentry"],"jetpack_shortlink":"https:\/\/wp.me\/Pv2vX-11m","jetpack-related-posts":[{"id":2062,"url":"https:\/\/naehbistro.ch\/blog\/kontakt\/","url_meta":{"origin":3928,"position":0},"title":"Kontakt","author":"Heribert Burkhard","date":"3. Dezember 2015","format":false,"excerpt":"Beitr\u00e4ge und Bilder d\u00fcrfen nur mit unserem Einverst\u00e4ndnis kopiert werden. \u00a0 \u00a0 Haftungsausschluss 1. Inhalt der Webseite Der Autor \u00fcbernimmt keinerlei Gew\u00e4hr f\u00fcr die Aktualit\u00e4t, Korrektheit, Vollst\u00e4ndigkeit oder Qualit\u00e4t der bereitgestellten Informationen. Haftungsanspr\u00fcche gegen den Autor, welche sich auf Sch\u00e4den materieller oder ideeller Art beziehen, die durch die Nutzung oder\u2026","rel":"","context":"\u00c4hnlicher Beitrag","block_context":{"text":"\u00c4hnlicher Beitrag","link":""},"img":{"alt_text":"","src":"https:\/\/i0.wp.com\/naehbistro.ch\/blog\/wp-content\/uploads\/2011\/12\/info-300x165.png?resize=350%2C200&ssl=1","width":350,"height":200},"classes":[]},{"id":4483,"url":"https:\/\/naehbistro.ch\/blog\/lehrreiche-naehbuecher\/","url_meta":{"origin":3928,"position":1},"title":"N\u00e4h-Literatur","author":"Heribert Burkhard","date":"14. April 2016","format":false,"excerpt":"Lesenswerte B\u00fccher St\u00f6bern in einer Buchhandlung ist zwar immer wieder anregend, leider findet man selten die n\u00f6tige Zeit daf\u00fcr. Amazon liefert nahezu jedes Buch direkt nach Hause. Der Versand ist schnell und in der Regel kostenlos, ebenso ist Amazon kulant und ein sicherer Lieferant. Da m\u00fcssen Sie keine Angst haben,\u2026","rel":"","context":"\u00c4hnlicher Beitrag","block_context":{"text":"\u00c4hnlicher Beitrag","link":""},"img":{"alt_text":"","src":"","width":0,"height":0},"classes":[]},{"id":4569,"url":"https:\/\/naehbistro.ch\/blog\/lesen-mit-kindle-paperwhite\/","url_meta":{"origin":3928,"position":2},"title":"Lesen mit Kindle Paperwhite","author":"Heribert Burkhard","date":"2. Oktober 2016","format":false,"excerpt":"Ihre Bibliothek direkt am N\u00e4htisch Eigentlich war ich skeptisch als mir die S\u00f6hne einen Kindle Paperwhite schenkten. Wozu auch? In meinen N\u00e4hb\u00fcchern und -heften kann mich mir Notizen hinterlegen, mit Buchzeichen habe ich schnellen Zugriff - es ist ja alles bestens organisiert. Brauch ich nicht. Schon bald merkte ich, dass\u2026","rel":"","context":"\u00c4hnlicher Beitrag","block_context":{"text":"\u00c4hnlicher Beitrag","link":""},"img":{"alt_text":"","src":"","width":0,"height":0},"classes":[]},{"id":4576,"url":"https:\/\/naehbistro.ch\/blog\/selber-schneidern-liegt-im-trend\/","url_meta":{"origin":3928,"position":3},"title":"Selber Schneidern liegt im Trend","author":"Heribert Burkhard","date":"2. Oktober 2016","format":false,"excerpt":"Der einzige Mensch, der sich vern\u00fcnftig benimmt, ist mein Schneider. Er nimmt jedesmal neu Mass, wenn er mich trifft, w\u00e4hrend alle anderen immer die alten Massst\u00e4be anlegen in der Meinung, sie passten auch heute noch.\u201c \u00a0\u00a0\u00a0\u00a0\u00a0 George Bernard Shaw Wer dem Trend nachl\u00e4uft ist immer zu sp\u00e4t, setzen Sie den\u2026","rel":"","context":"\u00c4hnlicher Beitrag","block_context":{"text":"\u00c4hnlicher Beitrag","link":""},"img":{"alt_text":"","src":"","width":0,"height":0},"classes":[]},{"id":4201,"url":"https:\/\/naehbistro.ch\/blog\/kostenlose-schnittmuster\/","url_meta":{"origin":3928,"position":4},"title":"Empfohlene und kostenlose Schnittmuster","author":"Heribert Burkhard","date":"26. April 2015","format":false,"excerpt":"Weitere finden Sie \u00fcber die Google-Anzeigen. Da habe ich schon einige tolle Schnittmuster und Ideen gefunden (Leider kosteten sie meistens etwas, wenn auch nur wenig. Sie waren es aber wert.) Balihose \u00a0 Balihose - die weitgeschnittene Hose mit Krempelbund Die weite Sommerhose wird nach einem einfachen Schema zugeschnitten und ist\u2026","rel":"","context":"\u00c4hnlicher Beitrag","block_context":{"text":"\u00c4hnlicher Beitrag","link":""},"img":{"alt_text":"","src":"","width":0,"height":0},"classes":[]},{"id":2470,"url":"https:\/\/naehbistro.ch\/blog\/nahmaschinen\/","url_meta":{"origin":3928,"position":5},"title":"N\u00e4hmaschinen","author":"Heribert Burkhard","date":"11. Juli 2016","format":false,"excerpt":"Heute sind in vielen Haushalten noch eine mechanische N\u00e4h\u00admaschine in Gebrauch, die vor vielen Jahren oft zur Hochzeit geschenkt wurde. Die Maschine bot nur wenige Stiche, die man an einem Handrad einstellen musste, im wwesentlichen sind sie jedoch gleich geblieben: der Oberfaden muss eingef\u00e4delt, die Spulen eingesetzt und die Stichart\u2026","rel":"","context":"\u00c4hnlicher Beitrag","block_context":{"text":"\u00c4hnlicher Beitrag","link":""},"img":{"alt_text":"b_info25","src":"https:\/\/i0.wp.com\/naehbistro.ch\/blog\/wp-content\/uploads\/2012\/07\/b_info25.jpg?resize=350%2C200&ssl=1","width":350,"height":200},"classes":[]}],"jetpack_sharing_enabled":true,"_links":{"self":[{"href":"https:\/\/naehbistro.ch\/blog\/wp-json\/wp\/v2\/pages\/3928","targetHints":{"allow":["GET"]}}],"collection":[{"href":"https:\/\/naehbistro.ch\/blog\/wp-json\/wp\/v2\/pages"}],"about":[{"href":"https:\/\/naehbistro.ch\/blog\/wp-json\/wp\/v2\/types\/page"}],"author":[{"embeddable":true,"href":"https:\/\/naehbistro.ch\/blog\/wp-json\/wp\/v2\/users\/9"}],"replies":[{"embeddable":true,"href":"https:\/\/naehbistro.ch\/blog\/wp-json\/wp\/v2\/comments?post=3928"}],"version-history":[{"count":0,"href":"https:\/\/naehbistro.ch\/blog\/wp-json\/wp\/v2\/pages\/3928\/revisions"}],"wp:attachment":[{"href":"https:\/\/naehbistro.ch\/blog\/wp-json\/wp\/v2\/media?parent=3928"}],"curies":[{"name":"wp","href":"https:\/\/api.w.org\/{rel}","templated":true}]}}