{"id":4201,"date":"2015-04-26T21:49:37","date_gmt":"2015-04-26T19:49:37","guid":{"rendered":"http:\/\/naehbistro.ch\/blog\/?page_id=4201"},"modified":"2025-08-02T12:14:59","modified_gmt":"2025-08-02T10:14:59","slug":"kostenlose-schnittmuster","status":"publish","type":"page","link":"https:\/\/naehbistro.ch\/blog\/kostenlose-schnittmuster\/","title":{"rendered":"Empfohlene und kostenlose Schnittmuster"},"content":{"rendered":"<p>Weitere finden Sie \u00fcber die Google-Anzeigen. Da habe ich schon einige tolle Schnittmuster und Ideen gefunden (Leider kosteten sie meistens etwas, wenn auch nur wenig. Sie waren es aber wert.)<\/p>\n<h4>Balihose<\/h4>\n<p>&nbsp;<\/p>\n<ul>\n<li>Balihose &#8211; die weitgeschnittene Hose mit Krempelbund<br \/>\nDie weite Sommerhose wird nach einem einfachen Schema zugeschnitten und ist daher sehr leicht selber zu schneidern. Mit einem sch\u00f6n gemusterten Batikstoff kommt die Ferienstimmung auf und die Bewunderung ist Ihnen sicher.<\/li>\n<\/ul>\n<p>Mehr \u00fcber <a href=\"https:\/\/naehbistro.ch\/blog\/schnittmuster-bali-hosen\/\">Balihose<\/a><\/p>\n<hr \/>\n<h4>Tunika<\/h4>\n<ul>\n<li>Heute kennt man die Tunika als eine l\u00e4ngere, meist locker geschnittene Bluse oder Oberbekleidung. Sie ist k\u00fcrzer als ein Minikleid und werden in der Regel f\u00fcr das Tragen mit einer Hose oder einer modischen Leggings getragen. Ein informative Anleitung zur Herstellung einer Tunika, gesponsert von Perwoll.<\/li>\n<\/ul>\n<p>Mehr \u00fcber <a href=\"https:\/\/naehbistro.ch\/blog\/kostenloses-schnittmuster-tunika-2\/\">Kostenloses Schnittmuster Tunika<\/a><\/p>\n<hr \/>\n<ul>\n<li>Coole rote Ledershorts mit schr\u00e4gem \u00dcbertritt. Der wird mit einem kleinen Kreuz festgesteppt. Geschlossen wird die Shorts mit einem Zipper hinten.<\/li>\n<\/ul>\n<p>Mehr \u00fcber <a href=\"https:\/\/naehbistro.ch\/blog\/schnittmuster-fur-stylishe-bermuda-shorts-oder-hot-pants\/\">Schnittmuster f\u00fcr stylishe Bermuda-Shorts oder Hot Pants<\/a><\/p>\n<hr \/>\n<ul>\n<li>Lassen Sie sich auf Ihrem Einkaufsbummel bewundern mit diesem selbstgefertigten Top im Karibik-Stil. Der Schnitt betont Ihre gute Figur und die leuchtenden Farben stimmen die Betrachter freudig und froh. Das Schnittmuster und die N\u00e4hanleitung dazu habe ich bei Burdastyle gefunden. Der gerade Schnitt macht es auch f\u00fcr weniger Ge\u00fcbte m\u00f6glich, dieses Top zu schneidern.<\/li>\n<\/ul>\n<p>Mehr \u00fcber <a href=\"https:\/\/naehbistro.ch\/blog\/schnittmuster-fur-eine-huftlanges-sommerliches-karibik-top-z-b-von-burda\/\">Schnittmuster f\u00fcr eine h\u00fcftlanges sommerliches Karibik-Top<\/a><\/p>\n<hr \/>\n<ul>\n<li>Der Cardigan ist eine Strickjacke in der Regel aus reiner Wolle. Mit unterschiedlich dicker Wolle oder engeren Knoten (kleinere Stricknadeln) kann der Cardigan unterschiedlich stark w\u00e4rmen. Die Strickjacke kann ge\u00f6ffnet getragen, so dass man in stark beheizten R\u00e4umen die W\u00e4rmewirkung regulieren kann. Auch das An- und Abziehen ist gegen\u00fcber einem Pullover wesentlich bedienungsfreundlicher.<\/li>\n<\/ul>\n<p>Mehr \u00fcber <a href=\"https:\/\/naehbistro.ch\/blog\/gratis-schnittmuster-und-anleitung-fur-einen-klassischen-cardigan\/\">Kostenloses Schnittmuster und Anleitung f\u00fcr einen klassischen Cardigan<\/a><\/p>\n<hr \/>\n<h4>Kuscheltiere<\/h4>\n<ul>\n<li>Meine Enkel lieben Kuscheltiere, mittlerweile sind die Betten gef\u00fcllt. Ich habe mir einige B\u00fccher mit Anleitungen f\u00fcr Kuscheltiere gekauft, diese geh\u00f6ren zu den besten. Die meisten sind einfach und problemlos herzustellen. Und es sind darunter schnucklige, s\u00fcsse, drollige, dufte und anmutig. Das Lieblingstier ist die Giraffe.<\/li>\n<\/ul>\n<p>Mehr \u00fcber <a href=\"https:\/\/naehbistro.ch\/blog\/schnittmusternahanleitung-fur-kuscheltiere\/\">Schnittmuster\/N\u00e4hanleitung f\u00fcr Kuscheltiere<\/a><\/p>\n<hr \/>\n<ul>\n<li>\n<h4>Mittelaleterliche Kleidung<\/h4>\n<p>Dieser wichtigste Teil der mittelalterlichen Kleidung \u00e4hnelt in seiner Form der sp\u00e4tr\u00f6mischen Tunika. Der Zuschnitt ist er jedoch enger und k\u00f6rpern\u00e4her. Ohne G\u00fcrtel reicht er dem Tr\u00e4ger bis zum Knie, wird jedoch, je nach Geschmack, durch einen G\u00fcrtel gerafft. Zur besseren Bewegungsfreiheit k\u00f6nnen die Seitenn\u00e4hte vom Saum an aufw\u00e4rts ein St\u00fcck offengelassen werden. Die \u00c4rmel liegen eng an und umschliessen das Handgelenk ebenso eng.<br \/>\nDas ganze Kleidungsst\u00fcck kann je nach sozialem Rang des Tr\u00e4gers an Halsausschnitt, Handgelenken und Saum mit Borten verziert werden.<\/li>\n<\/ul>\n<p>Mehr \u00fcber <a href=\"https:\/\/naehbistro.ch\/blog\/schnittmuster-gewandungen-leibrock-fur-manner\/\">Schnittmuster Gewandungen: Leibrock f\u00fcr M\u00e4nner oder f\u00fcr Ihren Hexenzirkel<\/a><\/p>\n<hr \/>\n<h4>Einen Br\u00e4utigam hat jetzt die K\u00e4the<br \/>\nweil sie Burda-Moden n\u00e4hte<\/h4>\n<ul>\n<li>Burda ist das Mekka f\u00fcr die selbstgeschneiderte Mode. Viele verst\u00e4ndliche Schnittmuster f\u00fcr alles Gew\u00fcnschte k\u00f6nnen f\u00fcr wenige Euro herutergeladen wwerden. Dar\u00fcberhinaus sind laufen auch kostenlose Schnittmuster verf\u00fcgbar. Schauen Sie sich um<br \/>\nSie werden viele Anregungen finden, die alle begeistern.<br \/>\nMehr \u00fcber <a href=\"https:\/\/naehbistro.ch\/blog\/burda-mode-schnittmuster-gratis-downloaden\/\">Burda-Mode: Schnittmuster kostenlos downloaden<\/a><\/p>\n<hr \/>\n<p>Die Initiative Handarbeit e.V. ist ein Verband, in dem sich die f\u00fchrenden Anbieter der Handarbeitsbranche in Deutschland, \u00d6sterreich und der Schweiz zusammen geschlossen haben. Ziel ist es, noch mehr \u00f6ffentliche Aufmerksamkeit f\u00fcr das Stricken, N\u00e4hen, Sticken und H\u00e4keln zu erreichen.<br \/>\nMehr \u00fcber <a href=\"https:\/\/naehbistro.ch\/blog\/gratisschnittmuster-mini-von-needle-work-design\/\">Kostenlose Schnittmuster von Needle Work Design<\/a><\/p>\n<hr \/>\n<p>Mehr \u00fcber <a href=\"https:\/\/naehbistro.ch\/blog\/gratis-schnittmuster-von-ottobre\/\">Kostenlose Schnittmuster von Ottobre<\/a><\/p>\n<hr \/>\n<p>Mehr \u00fcber <a href=\"https:\/\/naehbistro.ch\/blog\/gratis-schnittmuster-mittelalterliche-oder-larp-hose\/\">Gratis Schnittmuster: Mittelalterliche oder Larp Hose<\/a><\/p>\n<hr \/>\n<p>Mehr \u00fcber <a href=\"https:\/\/naehbistro.ch\/blog\/schnittmuster-fur-hoodies\/\">Schnittmuster f\u00fcr Hoodies<\/a><\/p>\n<hr \/>\n<p>Mehr \u00fcber <a href=\"https:\/\/naehbistro.ch\/blog\/bananenrock-aus-stoffresten\/\">Bananenrock aus Stoffresten<\/a><\/p>\n<hr \/>\n<p>Mehr \u00fcber \u00a0<a href=\"https:\/\/naehbistro.ch\/blog\/gratis-schnittmuster-minirock\/\">Kostenloses Schnittmuster Minirock<\/a><\/p>\n<hr \/>\n<p>Mehr \u00fcber <a title=\"Kostenlose Stofftier-Schnittmuster von karensvariety.com\" href=\"https:\/\/naehbistro.ch\/blog\/?p=380\">Kostenlose Stofftier-Schnittmuster<\/a><\/p>\n<hr \/>\n<p>Mehr \u00fcber <a title=\"Schnittmuster f\u00fcr Anf\u00e4nger: T-Shirt oder Leibchen\" href=\"https:\/\/naehbistro.ch\/blog\/?p=387\">Schnittmuster f\u00fcr Anf\u00e4nger: T-Shirt oder Leibchen<\/a><\/p>\n<hr \/>\n<p>Mehr \u00fcber <a title=\"Schnittmuster Leggings selber machen\" href=\"https:\/\/naehbistro.ch\/blog\/?p=399\">Schnittmuster Leggings selber machen<\/a><\/p>\n<hr \/>\n<p>Mehr \u00fcber <a title=\"Gratis Schnittmuster f\u00fcr eine Bluse\" href=\"https:\/\/naehbistro.ch\/blog\/?p=436\">Gratis Schnittmuster f\u00fcr eine Bluse<\/a><\/p>\n<hr \/>\n<p>Mehr \u00fcber Gratis Schnittmuster von Burda und Perwoll: Elegantes Shirt f\u00fcr die Dame<\/p>\n<hr \/>\n<p>Mehr \u00fcber <a title=\"Gratis-Schnittmuster f\u00fcr 3\/4-Leggings\" href=\"https:\/\/naehbistro.ch\/blog\/?p=521\">Gratis-Schnittmuster f\u00fcr 3\/4-Leggings<\/a><\/p>\n<hr \/>\n<p>Mehr \u00fcber <a title=\"Gratis Burda-Schnittmuster Minirock\" href=\"https:\/\/naehbistro.ch\/blog\/?p=547\">Gratis Burda-Schnittmuster Minirock\/a&gt;<\/a><\/p>\n<hr \/>\n<p>Mehr \u00fcber <a title=\"Schnittmuster f\u00fcr Hosen\" href=\"https:\/\/naehbistro.ch\/blog\/?p=639\">Schnittmuster f\u00fcr Hosen<\/a><\/p>\n<hr \/>\n<p>Mehr \u00fcber <a title=\"Kostenloses Hosen Schnittmuster von Lekala\" href=\"https:\/\/naehbistro.ch\/blog\/?p=700\">Kostenloses Hosen Schnittmuster von Lekala<\/a><\/p>\n<hr \/>\n<p>Mehr \u00fcber <a title=\"Kostenloses Schnittmuster f\u00fcr einen Hosenrock\" href=\"https:\/\/naehbistro.ch\/blog\/?p=746\">Kostenloses Schnittmuster f\u00fcr einen Hosenrock<\/a><\/p>\n<hr \/>\n<p>Mehr \u00fcber <a title=\"Kostenloses Schnittmuster: Yoga-Hose\" href=\"https:\/\/naehbistro.ch\/blog\/?p=795\">Kostenloses Schnittmuster: Yoga-Hose<\/a><\/p>\n<hr \/>\n<p>Mehr \u00fcber <a title=\"Kostenloses Schnittmuster: Tunika\" href=\"https:\/\/naehbistro.ch\/blog\/?p=817\">Kostenloses Schnittmuster: Tunika<\/a><\/p>\n<hr \/>\n<p>Mehr \u00fcber <a title=\"Kostenloses Schnittmuster: Eisb\u00e4r Knut Kuscheltier\" href=\"https:\/\/naehbistro.ch\/blog\/?p=879\">Kostenloses Schnittmuster: Eisb\u00e4r Knut Kuscheltier<\/a><\/p>\n<hr \/>\n<p>Mehr \u00fcber <a title=\"Gratis-Schnittmuster: Glamour\u00f6ses Abendkleid \u2013 Lady in Red\" href=\"https:\/\/naehbistro.ch\/blog\/?p=1135\">Gratis-Schnittmuster: Glamour\u00f6ses Abendkleid \u2013 Lady in Red<\/a><\/p>\n<hr \/>\n<p>Mehr \u00fcber <a title=\"Schnittmuster: Elegantes, aber einfaches Kleid n\u00e4hen von Blueprint fashion\" href=\"https:\/\/naehbistro.ch\/blog\/?p=1168\">chnittmuster: Elegantes, aber einfaches Kleid n\u00e4hen von Blueprint fashion<\/a><\/p>\n<hr \/>\n<p>Mehr \u00fcber <a title=\"Schnittmuster Brautkleid Victoria von Schweden\" href=\"https:\/\/naehbistro.ch\/blog\/?p=1223\">Schnittmuster Brautkleid Victoria von Schweden<\/a><\/p>\n<hr \/>\n<p>Mehr \u00fcber <a title=\"Gratisschnittmuster Mini von Needle Work Design.\" href=\"https:\/\/naehbistro.ch\/blog\/?p=1294\">Gratisschnittmuster Mini von Needle Work Design<\/a><\/p>\n<hr \/>\n<p>Mehr \u00fcber <a title=\"Schnittmuster Ledertasche von Needle Work\" href=\"https:\/\/naehbistro.ch\/blog\/?p=1340\">Schnittmuster Ledertasche von Needle Work<\/a><\/p>\n<hr \/>\n<\/li>\n<\/ul>\n","protected":false},"excerpt":{"rendered":"<p>Weitere finden Sie \u00fcber die Google-Anzeigen. Da habe ich schon einige tolle Schnittmuster und Ideen gefunden (Leider kosteten sie meistens etwas, wenn auch nur wenig. Sie waren es aber wert.) Balihose &nbsp; Balihose &#8211; die weitgeschnittene Hose mit Krempelbund Die weite Sommerhose wird nach einem einfachen Schema zugeschnitten und ist daher sehr leicht selber zu schneidern. Mit einem sch\u00f6n gemusterten Batikstoff kommt die Ferienstimmung auf und die Bewunderung ist Ihnen <a class=\"more-link\" href=\"https:\/\/naehbistro.ch\/blog\/kostenlose-schnittmuster\/\">>> Weiterlesen<\/a><\/p>\n","protected":false},"author":9,"featured_media":0,"parent":0,"menu_order":0,"comment_status":"open","ping_status":"closed","template":"","meta":{"footnotes":""},"class_list":["post-4201","page","type-page","status-publish","hentry"],"jetpack_shortlink":"https:\/\/wp.me\/Pv2vX-15L","jetpack-related-posts":[{"id":4576,"url":"https:\/\/naehbistro.ch\/blog\/selber-schneidern-liegt-im-trend\/","url_meta":{"origin":4201,"position":0},"title":"Selber Schneidern liegt im Trend","author":"Heribert Burkhard","date":"2. Oktober 2016","format":false,"excerpt":"Der einzige Mensch, der sich vern\u00fcnftig benimmt, ist mein Schneider. Er nimmt jedesmal neu Mass, wenn er mich trifft, w\u00e4hrend alle anderen immer die alten Massst\u00e4be anlegen in der Meinung, sie passten auch heute noch.\u201c \u00a0\u00a0\u00a0\u00a0\u00a0 George Bernard Shaw Wer dem Trend nachl\u00e4uft ist immer zu sp\u00e4t, setzen Sie den\u2026","rel":"","context":"\u00c4hnlicher Beitrag","block_context":{"text":"\u00c4hnlicher Beitrag","link":""},"img":{"alt_text":"","src":"","width":0,"height":0},"classes":[]},{"id":4483,"url":"https:\/\/naehbistro.ch\/blog\/lehrreiche-naehbuecher\/","url_meta":{"origin":4201,"position":1},"title":"N\u00e4h-Literatur","author":"Heribert Burkhard","date":"14. April 2016","format":false,"excerpt":"Lesenswerte B\u00fccher St\u00f6bern in einer Buchhandlung ist zwar immer wieder anregend, leider findet man selten die n\u00f6tige Zeit daf\u00fcr. Amazon liefert nahezu jedes Buch direkt nach Hause. Der Versand ist schnell und in der Regel kostenlos, ebenso ist Amazon kulant und ein sicherer Lieferant. Da m\u00fcssen Sie keine Angst haben,\u2026","rel":"","context":"\u00c4hnlicher Beitrag","block_context":{"text":"\u00c4hnlicher Beitrag","link":""},"img":{"alt_text":"","src":"","width":0,"height":0},"classes":[]},{"id":4569,"url":"https:\/\/naehbistro.ch\/blog\/lesen-mit-kindle-paperwhite\/","url_meta":{"origin":4201,"position":2},"title":"Lesen mit Kindle Paperwhite","author":"Heribert Burkhard","date":"2. Oktober 2016","format":false,"excerpt":"Ihre Bibliothek direkt am N\u00e4htisch Eigentlich war ich skeptisch als mir die S\u00f6hne einen Kindle Paperwhite schenkten. Wozu auch? In meinen N\u00e4hb\u00fcchern und -heften kann mich mir Notizen hinterlegen, mit Buchzeichen habe ich schnellen Zugriff - es ist ja alles bestens organisiert. Brauch ich nicht. Schon bald merkte ich, dass\u2026","rel":"","context":"\u00c4hnlicher Beitrag","block_context":{"text":"\u00c4hnlicher Beitrag","link":""},"img":{"alt_text":"","src":"","width":0,"height":0},"classes":[]},{"id":2470,"url":"https:\/\/naehbistro.ch\/blog\/nahmaschinen\/","url_meta":{"origin":4201,"position":3},"title":"N\u00e4hmaschinen","author":"Heribert Burkhard","date":"11. Juli 2016","format":false,"excerpt":"Heute sind in vielen Haushalten noch eine mechanische N\u00e4h\u00admaschine in Gebrauch, die vor vielen Jahren oft zur Hochzeit geschenkt wurde. Die Maschine bot nur wenige Stiche, die man an einem Handrad einstellen musste, im wwesentlichen sind sie jedoch gleich geblieben: der Oberfaden muss eingef\u00e4delt, die Spulen eingesetzt und die Stichart\u2026","rel":"","context":"\u00c4hnlicher Beitrag","block_context":{"text":"\u00c4hnlicher Beitrag","link":""},"img":{"alt_text":"b_info25","src":"https:\/\/i0.wp.com\/naehbistro.ch\/blog\/wp-content\/uploads\/2012\/07\/b_info25.jpg?resize=350%2C200&ssl=1","width":350,"height":200},"classes":[]},{"id":4572,"url":"https:\/\/naehbistro.ch\/blog\/sehenswerte-videos\/","url_meta":{"origin":4201,"position":4},"title":"Sehenswerte Videos","author":"Heribert Burkhard","date":"2. Oktober 2016","format":false,"excerpt":"Verschiedene Video-Anbieter im Internet (wie Youtube, Vimeo) bieten kostenlose Videos zum Anschauen. Leider ben\u00f6tigt es Spezialwissen, um diese f\u00fcr sich herunterzuladen. Oft ist es auch ungesetzlich. Hier eine Auswahl guter und hilfreicher Videos: DIY: Schnell & einfach Tischsets n\u00e4hen (f\u00fcr Anf\u00e4nger geeignet) Ein Tischset ist eine gute N\u00e4h\u00fcbung f\u00fcr Anf\u00e4nger.\u2026","rel":"","context":"\u00c4hnlicher Beitrag","block_context":{"text":"\u00c4hnlicher Beitrag","link":""},"img":{"alt_text":"","src":"","width":0,"height":0},"classes":[]},{"id":3928,"url":"https:\/\/naehbistro.ch\/blog\/datenschutzerklaerung\/","url_meta":{"origin":4201,"position":5},"title":"Datenschutzerkl\u00e4rung","author":"Heribert Burkhard","date":"30. Mai 2015","format":false,"excerpt":"Datenschutz Die Nutzung unserer Webseite ist in der Regel ohne Angabe personenbezogener Daten m\u00f6glich. Soweit auf unseren Seiten personenbezogene Daten (beispielsweise Name, Anschrift oder eMail-Adressen) erhoben werden, erfolgt dies, soweit m\u00f6glich, stets auf freiwilliger Basis. Diese Daten werden ohne Ihre ausdr\u00fcckliche Zustimmung nicht an Dritte weitergegeben.Wir weisen darauf hin, dass\u2026","rel":"","context":"\u00c4hnlicher Beitrag","block_context":{"text":"\u00c4hnlicher Beitrag","link":""},"img":{"alt_text":"","src":"","width":0,"height":0},"classes":[]}],"jetpack_sharing_enabled":true,"_links":{"self":[{"href":"https:\/\/naehbistro.ch\/blog\/wp-json\/wp\/v2\/pages\/4201","targetHints":{"allow":["GET"]}}],"collection":[{"href":"https:\/\/naehbistro.ch\/blog\/wp-json\/wp\/v2\/pages"}],"about":[{"href":"https:\/\/naehbistro.ch\/blog\/wp-json\/wp\/v2\/types\/page"}],"author":[{"embeddable":true,"href":"https:\/\/naehbistro.ch\/blog\/wp-json\/wp\/v2\/users\/9"}],"replies":[{"embeddable":true,"href":"https:\/\/naehbistro.ch\/blog\/wp-json\/wp\/v2\/comments?post=4201"}],"version-history":[{"count":0,"href":"https:\/\/naehbistro.ch\/blog\/wp-json\/wp\/v2\/pages\/4201\/revisions"}],"wp:attachment":[{"href":"https:\/\/naehbistro.ch\/blog\/wp-json\/wp\/v2\/media?parent=4201"}],"curies":[{"name":"wp","href":"https:\/\/api.w.org\/{rel}","templated":true}]}}