{"id":4483,"date":"2016-04-14T19:13:43","date_gmt":"2016-04-14T17:13:43","guid":{"rendered":"http:\/\/naehbistro.ch\/blog\/?page_id=4483"},"modified":"2021-04-01T21:34:38","modified_gmt":"2021-04-01T19:34:38","slug":"lehrreiche-naehbuecher","status":"publish","type":"page","link":"https:\/\/naehbistro.ch\/blog\/lehrreiche-naehbuecher\/","title":{"rendered":"N\u00e4h-Literatur"},"content":{"rendered":"<h1>Lesenswerte B\u00fccher<\/h1>\n<p>St\u00f6bern in einer Buchhandlung ist zwar immer wieder anregend, leider findet man selten die n\u00f6tige Zeit daf\u00fcr. Amazon liefert nahezu jedes Buch direkt nach Hause. Der Versand ist schnell und in der Regel kostenlos, ebenso ist Amazon kulant und ein sicherer Lieferant. Da m\u00fcssen Sie keine Angst haben, es gibt kein Risiko.<\/p>\n<hr \/>\n<h4>N\u00e4hen perfekt &#8211; Die Grundlagen sauberen N\u00e4hens<\/h4>\n<p>Verlag: Stiebner<br \/>\nEin empfehlenswertes Buch f\u00fcr ehrgeizige und strebsame N\u00e4hanf\u00e4nger. Bebilderte Schritt-f\u00fcr-Schritt-Anleitungen mit Bildern zeigen ausf\u00fchrlich wie man sauber n\u00e4ht. Dar\u00fcberhinaus sind kleine hilfreiche Tipps enthalten, wie die gelernten Schneiderinnen es machen. Kleine Tipps, die gross helfen. Ich empfinde das Buch als passend f\u00fcr ambitionierte N\u00e4hanf\u00e4nger.<br \/>\nBroschiert: 132 Seiten, Gr\u00f6sse: 18,9&#215;1,5&#215;25,9cm<br \/>\n<a href=\"http:\/\/www.amazon.de\/gp\/product\/3830708920\/ref=as_li_tl?ie=UTF8&amp;camp=1638&amp;creative=6742&amp;creativeASIN=3830708920&amp;linkCode=as2&amp;tag=nehbistro-21&amp;linkId=4QXACFF5TFZXPRJY\" target=\"_blank\" rel=\"noopener\"> \u2192  N\u00e4hen perfekt &#8211; Die Grundlagen sauberen N\u00e4hens  bei Amazon bestellen<\/a><\/p>\n<hr \/>\n<h4>N\u00e4hen Schritt f\u00fcr Schritt: \u00dcber 200 Techniken f\u00fcr Einsteiger<\/h4>\n<p>Verlag: Dorling Kindersley Verlag<br \/>\nEin sehr gutes Nachschlagewerk, f\u00fcr alle die mit dem Selber n\u00e4hen beginnen m\u00f6chten. Es hat gute Erkl\u00e4rungen welche Stoffe man f\u00fcr was am besten nimmt und mit welchen Nadeln und Stichen diese am besten zu verarbeiten sind. Aber auch Arbeits- und Grundtechniken werden sch\u00f6n beschrieben<br \/>\nAlles (oder fast alles) ist einfach und verst\u00e4ndlich erkl\u00e4rt und mit Bildern dargestellt<br \/>\n224 Seiten, Gr\u00f6sse: 20&#215;2,3&#215;24,4cm.<br \/>\n<a href=\"http:\/\/www.amazon.de\/gp\/product\/3831021287\/ref=as_li_tl?ie=UTF8&amp;camp=1638&amp;creative=6742&amp;creativeASIN=3831021287&amp;linkCode=as2&amp;tag=nehbistro-21&amp;linkId=O57ZVUEL6MFOXC7B\" target=\"_blank\" rel=\"noopener\"> \u2192 N\u00e4hen Schritt f\u00fcr Schritt: \u00dcber 200 Techniken f\u00fcr Einsteiger bei Amazon bestellen<\/a><\/p>\n<hr \/>\n<h4>N\u00e4hen leicht gemacht: N\u00e4hlehrbuch<\/h4>\n<p>Verlag: Burda<br \/>\nDieses Buch ist eher f\u00fcr erfahrene N\u00e4herinnen geeignet, es werden viele Fachbegriffe benutzt. Es wird Schritt f\u00fcr Schritt gezeigt, wie man Knopfl\u00f6cher, Taschen n\u00e4ht usw., jedoch w\u00fcrde das Buch zu umfangreich, wenn alle einzelnen Flickarbeiten beschrieben w\u00fcrden. Sehr gut und verst\u00e4ndlich geschrieben und bebildert. Ein iedeales Nachschlagwer.<br \/>\n252 Seiten, Gr\u00f6sse: 18,5&#215;1,8&#215;24,9cm<br \/>\n<a href=\"http:\/\/www.amazon.de\/gp\/product\/3889780822\/ref=as_li_tl?ie=UTF8&amp;camp=1638&amp;creative=6742&amp;creativeASIN=3889780822&amp;linkCode=as2&amp;tag=nehbistro-21&amp;linkId=YCKQHH23JCU2XOL4\" target=\"_blank\" rel=\"noopener\"> \u2192 N\u00e4hen leicht gemacht  bei Amazon bestellen<\/a><\/p>\n<hr \/>\n<h4>Mein grosses N\u00e4hmaschinen-Atelier: Schritt f\u00fcr Schritt zum Meisterst\u00fcck<\/h4>\n<p>Verlag: Frech<br \/>\nEin ideales Buch f\u00fcr Anf\u00e4nger. Es ist ein Lernbuch: Schritt f\u00fcr Schritt lernen und erfahren Sie, wie einfach N\u00e4hen sein kann. Das Buch ist ehr \u00fcbersichtlich gestaltet und die Themen werden stufengerecht und didaktisch klug behandelt, und zwar ausf\u00fchrlich. Die Erkl\u00e4rungen sind einfach und sie werden mit vielen Bildern unterst\u00fctzt. Durch einfache N\u00e4hprojekte kann man das Erlernte auszuprobieren und sich selber kontrollieren. Man beginnt mit einem Kissenbezug mit geraden N\u00e4hten und arbeitet sich schrittweise weiter bis zu einer Bluse vor.<br \/>\n160 Seiten, Gr\u00f6sse: 21,2&#215;1,7&#215;27,9 cm<br \/>\n<a href=\"http:\/\/www.amazon.de\/gp\/product\/3772467520\/ref=as_li_tl?ie=UTF8&amp;camp=1638&amp;creative=6742&amp;creativeASIN=3772467520&amp;linkCode=as2&amp;tag=nehbistro-21&amp;linkId=GS52SM6TNSISVC7Y\" target=\"_blank\" rel=\"noopener\"> \u2192  Mein gro\u00dfes N\u00e4hmaschinen-Atelier: Schritt f\u00fcr Schritt zum Meisterst\u00fcck  bei Amazon bestellen<\/a><\/p>\n<hr \/>\n<h4>Taschen n\u00e4hen: Lieblingsst\u00fccke f\u00fcr jede Gelegenheit<\/h4>\n<p>erlag: Gr\u00e4fe und Unzer Verlag GmbH<br \/>\nEine ansprechende Auswahl an Taschen. Vom einfachen Turnbeutel bis zur grossen Umh\u00e4ngetasche hat es f\u00fcr jeden etwas.  Die Taschen sind f\u00fcr Ge\u00fcbte leicht zu n\u00e4hen und sind im Buch gut beschrieben. Die Schnittmuster und Zusatzinformationen kann man kostenlos \u00fcber eine App herunterladen. Ohne Smartphone mit einem Drucker sieht man etwas alt aus.<br \/>\n64 Seiten, Gr\u00f6sse: 16,4x1x19,8cm<br \/>\n<a href=\"http:\/\/www.amazon.de\/gp\/product\/3833844159\/ref=as_li_tl?ie=UTF8&amp;camp=1638&amp;creative=6742&amp;creativeASIN=3833844159&amp;linkCode=as2&amp;tag=nehbistro-21&amp;linkId=XEP3FMM5LH6EPCD2\" target=\"_blank\" rel=\"noopener\"> \u2192  Taschen n\u00e4hen: Lieblingsst\u00fccke f\u00fcr jede Gelegenheit bei Amazon bestellen<\/a><\/p>\n<hr \/>\n<h4>N\u00e4hen im japanischen Stil: 8 Grundschnitte f\u00fcr 25 Kleidungsst\u00fccke<\/h4>\n<p>Originaltitel: Simple Modern Sewing<br \/>\nVerlag: Haupt<br \/>\nEine ganze Kollektion bequemer, im Handumdrehen fertiggestellter Kleidungsst\u00fccke zum Selbern\u00e4hen ohne verwirrende Anzahl von Schnitten. Aus 8 Grundschnitten lassen sich durch Falten, Schneiden, Zusammenf\u00fcgen und Ab\u00e4ndern 25 unterschiedliche Modelle im schlichten und bezaubernden japanischen Stil n\u00e4hen. Dabei sind die St\u00fccke so aufeinander abgestimmt, dass man damit eine umfassende Grundgarderobe erstellen kann. Die Anleitungen sind detailliert, leicht verst\u00e4ndlich mit erkl\u00e4renden Zeichnungen und Fotos. Achtung: die Gr\u00f6ssen sind asiatisch, also etwas kleiner als unsere Gr\u00f6ssen. Also etwa 38, gr\u00f6ssere Gr\u00f6ssen m\u00fcssen leider angepasst werden, umso lohnender, da sich die Schnitte f\u00fcr diese Zielgruppe besonders eignen.<br \/>\n127 Seiten, Gr\u00f6sse: 21,5&#215;1,3&#215;28,6cm<br \/>\n<a href=\"http:\/\/www.amazon.de\/gp\/product\/3258600619\/ref=as_li_tl?ie=UTF8&amp;camp=1638&amp;creative=6742&amp;creativeASIN=3258600619&amp;linkCode=as2&amp;tag=nehbistro-21&amp;linkId=CFWSTLHDK2UNPPFB\" target=\"_blank\" rel=\"noopener\"> \u2192  N\u00e4hen im japanischen Stil: 8 Grundschnitte f\u00fcr 25 Kleidungsst\u00fccke<\/a><\/p>\n<hr \/>\n<hr \/>\n<h2>Ist Modedesigner f\u00fcr Sie ein Traumberuf ? M\u00f6chten Sie Modezeichner werden ? Oder nur Ihre eigenen Kleider entwerfen ?<\/h2>\n<p>So einen kreativen Beruf wie Modedesigner kann man nicht \u00fcbers Internet lernen. Erstens braucht es dazu Talent. Und zweitens eine gute Ausbildung. Und drittens ein Praktikum und vor allem \u00fcben, \u00fcben, \u00fcben. Denn wie es geht, weiss man erst, wenn man es selbst gemacht hat.<\/p>\n<p>Als ersten Schritt empfehle ich &#8211; wenn Sie Modesigner werden m\u00f6chten &#8211; einige B\u00fccher zu lesen und daraus zu lernen. Da merkt man schnell, ob es Spass macht.<br \/>\nEin zu empfehlendes Buch f\u00fcr Anf\u00e4nger und Neueinsteiger in den Modedesigner-Beruf. Es enth\u00e4lt den K\u00f6rperaufbau, Details, schm\u00fcckende Gestaltung und Entwurfsentwicklungen. Das Buch &#8218;Mode zeichnen &amp; entwerfen&#8216; ist das beste Buch, was ich zu diesem Thema auf dem Markt gefunden habe.<br \/>\nViele Techniken sind genau erkl\u00e4rt und mit guten, lehrreichen Bilder zus\u00e4tzlich illustriert.<br \/>\n<strong>Meine Lieblingsb\u00fccher:<\/strong><br \/>\nSie k\u00f6nnen diese direkt \u00fcber diesen Link bei Amazon bestellen, dann erhalten Sie es versandkostenfrei in den n\u00e4chsten Tagen<\/p>\n<table width=\"100%\" border=\"0\" bordercolor=\"#000000\" cellpadding=\"0\" cellspacing=\"0\">\n<tbody>\n<tr valign=\"TOP\">\n<td width=\"33%\"> Band 1<iframe src=\"http:\/\/rcm-de.amazon.de\/e\/cm?lt1=_top&amp;bc1=000000&amp;IS2=1&amp;bg1=F7F690&amp;fc1=000000&amp;lc1=1310DD&amp;t=nehbistro-21&amp;o=3&amp;p=8&amp;l=as1&amp;m=amazon&amp;f=ifr&amp;ref=tf_til&amp;asins=3808562137\" style=\"width:120px;height:240px;\" scrolling=\"no\" marginwidth=\"0\" marginheight=\"0\" frameborder=\"0\"><\/iframe><\/td>\n<td width=\"33%\"> Band 2<iframe src=\"http:\/\/rcm-de.amazon.de\/e\/cm?t=nehbistro-21&amp;o=3&amp;p=8&amp;l=as1&amp;asins=3808563036&amp;ref=tf_til&amp;fc1=000000&amp;IS2=1&amp;lt1=_top&amp;m=amazon&amp;lc1=1310DD&amp;bc1=000000&amp;bg1=F7F690&amp;f=ifr\" style=\"width:120px;height:240px;\" scrolling=\"no\" marginwidth=\"0\" marginheight=\"0\" frameborder=\"0\"><\/iframe><\/td>\n<td width=\"33%\">Alternative <iframe src=\"http:\/\/rcm-de.amazon.de\/e\/cm?t=nehbistro-21&amp;o=3&amp;p=8&amp;l=as1&amp;asins=3426641933&amp;ref=tf_til&amp;fc1=000000&amp;IS2=1&amp;lt1=_top&amp;m=amazon&amp;lc1=1310DD&amp;bc1=000000&amp;bg1=F7F690&amp;f=ifr\" style=\"width:120px;height:240px;\" scrolling=\"no\" marginwidth=\"0\" marginheight=\"0\" frameborder=\"0\"><\/iframe><\/td>\n<\/tr>\n<\/tbody>\n<\/table>\n<h2>N\u00e4hen. Mein Hobby. Meine Tipps<\/h2>\n<p>Im vergangenen Jahr erschien das erste Buch von Gaby Seeberg-Wilhelm \u201eOverlock \u2013 die ersten Stiche\u201c. Als wenn die Fans der Overlock nur darauf gewartet h\u00e4tten, kam das Buch auf Anhieb sehr gut an. Es gab immer mehr Anfragen, ob es aus der Feder von Gaby Seeberg-Wilhelm nicht auch ein allgemeines Lehrbuch f\u00fcr Hobbyn\u00e4herinnen g\u00e4be. Diesem Wunsch hat sie Rechnung getragen und \u2013 hier ist das Ergebnis: \u201eN\u00e4hen. Mein Hobby. Meine Tipps\u201c. In ihrem zweiten Buch erkl\u00e4rt die Autorin auf 192 Seiten Naht f\u00fcr Naht den Umgang mit der N\u00e4hmaschine f\u00fcr Haushalt und Hobby. Wer jetzt glaubt, es zwar mit einer ausf\u00fchrlichen, aber knochentrockenen Gebrauchsanweisung zu tun zu haben, wird eines Besseren belehrt. Denn Gaby Seeberg-Wilhelm selbst n\u00e4ht nicht nur mit Leib und Seele, sondern bringt die Leidenschaft f\u00fcr dieses wundersch\u00f6ne Hobby so gut r\u00fcber, dass es sogar Laien, die darin bl\u00e4ttern und lesen, in den Fingern juckt, sich eine N\u00e4hmaschine zu kaufen und das N\u00e4hen anzufangen. Die Autorin versteht es, selbst technische Details so gut verst\u00e4ndlich und bildhaft darzustellen, dass man nach dem Lesen der letzten Seite \u00fcberzeugt ist, jetzt n\u00e4hen zu k\u00f6nnen. Es fehlt nur noch die Maschine dazu. Und diese F\u00e4higkeit, auch technischen Inhalten Lebendigkeit zu verleihen, ist ihr Erfolgsgeheimnis. Die Anleitungen sind f\u00fcr alle N\u00e4hmaschinen-Fabrikate geeignet.<\/p>\n<p>Buchbestellung:<br \/>\n<a href=\"http:\/\/www.amazon.de\/gp\/product\/3981421817\/ref=as_li_tf_tl?ie=UTF8&amp;tag=nehbistro-21&amp;linkCode=as2&amp;camp=1638&amp;creative=6742&amp;creativeASIN=3981421817\" target=\"_blank\" rel=\"noopener\">N\u00e4hen &#8211; Mein Hobby. Meine Tipps<\/a><\/p>\n<p><strong>Overlock Stich f\u00fcr Stich<\/strong><br \/>\nAuf 144 Seiten erl\u00e4utert Gaby Seeberg-Wilhelm &#8222;Stich f\u00fcr Stich&#8220; alle Basics, die interessierte Hobbyschneiderinnen zum Thema Overlock wissen m\u00f6chten.<br \/>\nEs beginnt mit den ersten Schritten, die u.a. Tipps zum Kauf einer Overlockmaschine enthalten und das Overlock-AB C \u00fcbersichtlich darstellen. Den Sticharten, der Anwendung und dem Einf\u00e4deln ist ein ausf\u00fchrliches Kapitel gewidmet.<br \/>\nIn &#8222;Tipps, Tricks und Extras&#8220; werden der Differenzialtransport, das Sichern und Trennen von N\u00e4hten, das N\u00e4hen von Rundungen und viele weitere spezielle Bereiche behandelt.<br \/>\nIn &#8222;Stoffe, Garne &amp; Co.&#8220; gibt die Autorin einen \u00dcberblick \u00fcber die geeignete Materialauswahl, bevor sie im Kapitel &#8222;Vorbereitung&#8220; genau erkl\u00e4rt, auf was es f\u00fcr die sch\u00f6nsten Ergebnisse ankommt.<br \/>\nFolgen Sie einfach den einzelnen Steps, und schnell k\u00f6nnen Sie die Modelle, die Gaby Seeberg-Wilhelm f\u00fcr das Buch &#8222;Overlock &#8211; die ersten Schritte&#8220; entworfen hat, selbst umsetzen.<br \/>\nDarunter so schlichte wie schicke Basic-Shirts und leichte R\u00f6cke. Aber auch eine trendige Tunika oder eine vielseitige Freizeitjacke. Heimtextilien wie Kissen und Tischw\u00e4sche runden die N\u00e4hbeispiele ab.<br \/>\nDie Anleitungen sind f\u00fcr alle Overlock-Fabrikate geeignet.<br \/>\nBuchbestellung:<br \/>\n<a href=\"http:\/\/www.amazon.de\/gp\/product\/3981421809\/ref=as_li_tf_tl?ie=UTF8&amp;tag=nehbistro-21&amp;linkCode=as2&amp;camp=1638&amp;creative=6742&amp;creativeASIN=3981421809\" target=\"_blank\" rel=\"noopener\">Overlock &#8211; Die ersten Stiche<\/a><\/p>\n","protected":false},"excerpt":{"rendered":"<p>Lesenswerte B\u00fccher St\u00f6bern in einer Buchhandlung ist zwar immer wieder anregend, leider findet man selten die n\u00f6tige Zeit daf\u00fcr. Amazon liefert nahezu jedes Buch direkt nach Hause. Der Versand ist schnell und in der Regel kostenlos, ebenso ist Amazon kulant und ein sicherer Lieferant. Da m\u00fcssen Sie keine Angst haben, es gibt kein Risiko. N\u00e4hen perfekt &#8211; Die Grundlagen sauberen N\u00e4hens Verlag: Stiebner Ein empfehlenswertes Buch f\u00fcr ehrgeizige und strebsame <a class=\"more-link\" href=\"https:\/\/naehbistro.ch\/blog\/lehrreiche-naehbuecher\/\">>> Weiterlesen<\/a><\/p>\n","protected":false},"author":9,"featured_media":0,"parent":0,"menu_order":0,"comment_status":"closed","ping_status":"closed","template":"","meta":{"footnotes":""},"class_list":["post-4483","page","type-page","status-publish","hentry"],"jetpack_shortlink":"https:\/\/wp.me\/Pv2vX-1aj","jetpack-related-posts":[{"id":4576,"url":"https:\/\/naehbistro.ch\/blog\/selber-schneidern-liegt-im-trend\/","url_meta":{"origin":4483,"position":0},"title":"Selber Schneidern liegt im Trend","author":"Heribert Burkhard","date":"2. Oktober 2016","format":false,"excerpt":"Der einzige Mensch, der sich vern\u00fcnftig benimmt, ist mein Schneider. Er nimmt jedesmal neu Mass, wenn er mich trifft, w\u00e4hrend alle anderen immer die alten Massst\u00e4be anlegen in der Meinung, sie passten auch heute noch.\u201c \u00a0\u00a0\u00a0\u00a0\u00a0 George Bernard Shaw Wer dem Trend nachl\u00e4uft ist immer zu sp\u00e4t, setzen Sie den\u2026","rel":"","context":"\u00c4hnlicher Beitrag","block_context":{"text":"\u00c4hnlicher Beitrag","link":""},"img":{"alt_text":"","src":"","width":0,"height":0},"classes":[]},{"id":3502,"url":"https:\/\/naehbistro.ch\/blog\/die-meistverkauften\/","url_meta":{"origin":4483,"position":1},"title":"Die Meistverkauften","author":"Heribert Burkhard","date":"4. November 2015","format":false,"excerpt":"Carina Comfort 40 Nutz- und Zierstiche mit diversen Overlockstichen zum N\u00e4hen und Vers\u00e4ubern von elastischen Stoffen. 4-Stufen-Knopflochautomatik. Die hohe Durchstichskraft garantiert das N\u00e4hen von dicken und d\u00fcnnen Stoffen, sie n\u00e4ht auch problematische Stoffe wie Jersey oder Stretch m\u00fchelos. Empfehlenswert, mit f\u00fcnf Jahren Garantie. Amazon.de Widgets W6 N\u00e4hmaschine N 1235 Eine\u2026","rel":"","context":"\u00c4hnlicher Beitrag","block_context":{"text":"\u00c4hnlicher Beitrag","link":""},"img":{"alt_text":"b_info25","src":"https:\/\/i0.wp.com\/naehbistro.ch\/blog\/wp-content\/uploads\/2012\/07\/b_info25.jpg?resize=350%2C200&ssl=1","width":350,"height":200},"classes":[]},{"id":2470,"url":"https:\/\/naehbistro.ch\/blog\/nahmaschinen\/","url_meta":{"origin":4483,"position":2},"title":"N\u00e4hmaschinen","author":"Heribert Burkhard","date":"11. Juli 2016","format":false,"excerpt":"Heute sind in vielen Haushalten noch eine mechanische N\u00e4h\u00admaschine in Gebrauch, die vor vielen Jahren oft zur Hochzeit geschenkt wurde. Die Maschine bot nur wenige Stiche, die man an einem Handrad einstellen musste, im wwesentlichen sind sie jedoch gleich geblieben: der Oberfaden muss eingef\u00e4delt, die Spulen eingesetzt und die Stichart\u2026","rel":"","context":"\u00c4hnlicher Beitrag","block_context":{"text":"\u00c4hnlicher Beitrag","link":""},"img":{"alt_text":"b_info25","src":"https:\/\/i0.wp.com\/naehbistro.ch\/blog\/wp-content\/uploads\/2012\/07\/b_info25.jpg?resize=350%2C200&ssl=1","width":350,"height":200},"classes":[]},{"id":4569,"url":"https:\/\/naehbistro.ch\/blog\/lesen-mit-kindle-paperwhite\/","url_meta":{"origin":4483,"position":3},"title":"Lesen mit Kindle Paperwhite","author":"Heribert Burkhard","date":"2. Oktober 2016","format":false,"excerpt":"Ihre Bibliothek direkt am N\u00e4htisch Eigentlich war ich skeptisch als mir die S\u00f6hne einen Kindle Paperwhite schenkten. Wozu auch? In meinen N\u00e4hb\u00fcchern und -heften kann mich mir Notizen hinterlegen, mit Buchzeichen habe ich schnellen Zugriff - es ist ja alles bestens organisiert. Brauch ich nicht. Schon bald merkte ich, dass\u2026","rel":"","context":"\u00c4hnlicher Beitrag","block_context":{"text":"\u00c4hnlicher Beitrag","link":""},"img":{"alt_text":"","src":"","width":0,"height":0},"classes":[]},{"id":4572,"url":"https:\/\/naehbistro.ch\/blog\/sehenswerte-videos\/","url_meta":{"origin":4483,"position":4},"title":"Sehenswerte Videos","author":"Heribert Burkhard","date":"2. Oktober 2016","format":false,"excerpt":"Verschiedene Video-Anbieter im Internet (wie Youtube, Vimeo) bieten kostenlose Videos zum Anschauen. Leider ben\u00f6tigt es Spezialwissen, um diese f\u00fcr sich herunterzuladen. Oft ist es auch ungesetzlich. Hier eine Auswahl guter und hilfreicher Videos: DIY: Schnell & einfach Tischsets n\u00e4hen (f\u00fcr Anf\u00e4nger geeignet) Ein Tischset ist eine gute N\u00e4h\u00fcbung f\u00fcr Anf\u00e4nger.\u2026","rel":"","context":"\u00c4hnlicher Beitrag","block_context":{"text":"\u00c4hnlicher Beitrag","link":""},"img":{"alt_text":"","src":"","width":0,"height":0},"classes":[]},{"id":4201,"url":"https:\/\/naehbistro.ch\/blog\/kostenlose-schnittmuster\/","url_meta":{"origin":4483,"position":5},"title":"Empfohlene und kostenlose Schnittmuster","author":"Heribert Burkhard","date":"26. April 2015","format":false,"excerpt":"Weitere finden Sie \u00fcber die Google-Anzeigen. Da habe ich schon einige tolle Schnittmuster und Ideen gefunden (Leider kosteten sie meistens etwas, wenn auch nur wenig. Sie waren es aber wert.) Balihose \u00a0 Balihose - die weitgeschnittene Hose mit Krempelbund Die weite Sommerhose wird nach einem einfachen Schema zugeschnitten und ist\u2026","rel":"","context":"\u00c4hnlicher Beitrag","block_context":{"text":"\u00c4hnlicher Beitrag","link":""},"img":{"alt_text":"","src":"","width":0,"height":0},"classes":[]}],"jetpack_sharing_enabled":true,"_links":{"self":[{"href":"https:\/\/naehbistro.ch\/blog\/wp-json\/wp\/v2\/pages\/4483","targetHints":{"allow":["GET"]}}],"collection":[{"href":"https:\/\/naehbistro.ch\/blog\/wp-json\/wp\/v2\/pages"}],"about":[{"href":"https:\/\/naehbistro.ch\/blog\/wp-json\/wp\/v2\/types\/page"}],"author":[{"embeddable":true,"href":"https:\/\/naehbistro.ch\/blog\/wp-json\/wp\/v2\/users\/9"}],"replies":[{"embeddable":true,"href":"https:\/\/naehbistro.ch\/blog\/wp-json\/wp\/v2\/comments?post=4483"}],"version-history":[{"count":0,"href":"https:\/\/naehbistro.ch\/blog\/wp-json\/wp\/v2\/pages\/4483\/revisions"}],"wp:attachment":[{"href":"https:\/\/naehbistro.ch\/blog\/wp-json\/wp\/v2\/media?parent=4483"}],"curies":[{"name":"wp","href":"https:\/\/api.w.org\/{rel}","templated":true}]}}