{"id":4569,"date":"2016-10-02T18:39:11","date_gmt":"2016-10-02T16:39:11","guid":{"rendered":"http:\/\/naehbistro.ch\/blog\/?page_id=4569"},"modified":"2019-10-14T11:49:16","modified_gmt":"2019-10-14T09:49:16","slug":"lesen-mit-kindle-paperwhite","status":"publish","type":"page","link":"https:\/\/naehbistro.ch\/blog\/lesen-mit-kindle-paperwhite\/","title":{"rendered":"Lesen mit Kindle Paperwhite"},"content":{"rendered":"<h1>Ihre Bibliothek direkt am N\u00e4htisch<\/h1>\n<p>Eigentlich war ich skeptisch als mir die S\u00f6hne einen Kindle Paperwhite schenkten. Wozu auch? In meinen N\u00e4hb\u00fcchern und -heften kann mich mir Notizen hinterlegen, mit Buchzeichen habe ich schnellen Zugriff &#8211; es ist ja alles bestens organisiert. Brauch ich nicht.<\/p>\n<p>Schon bald merkte ich, dass ich wie auf gedrucktem Papier lesen kann, ja die Lesequalit\u00e4t ist immer gleich, nicht das eine mal billiges Zeitungspapier, dann wieder teures Hochglanzpapier. Auch die Schriftarten sind einheitlich und sehr gut lesbar.<\/p>\n<p><a href=\"http:\/\/www.amazon.de\/dp\/B00QJDO0QC\/ref=pe_1083541_73809741_as_acph_f1?ie=UTF8&amp;tag=httpwwwnaehbi-21\" target=\"_blank\" rel=\"noopener noreferrer\">Nutzen Sie das Sonderangebot<\/a><\/p>\n<h4>In den verschiedenen B\u00fcchern lesen, ohne den Anfang zu verlieren.<\/h4>\n<p>Bald merkte ich, dass ich im Buch von Kapitel zu Kapitel springen und von Seite zu Seite bl\u00e4ttern kann. Und das mit einer einfachen Fingerbewegung. Und vor allem kann ich Notizen einf\u00fcgen, die immer lesbar sind (ich kann meine Handschrift manchmal selber nicht mehr lesen) und diese sp\u00e4ter \u00fcberarbeiten oder wieder l\u00f6schen.<\/p>\n<h4>Immer dabei.<\/h4>\n<p>Dank der handlichen Gr\u00f6sse habe ich das Kindle Paperwhite immer dabei. So kann ich im Liegestuhl im Garten, im Sofa im Wohnzimmer gem\u00fctlich mein Projekt aussuchen, mich einarbeiten und auf die Aufgaben einstimmen. Dabei kann ich mir Notizen f\u00fcr die Stoffart und -menge, sowie eine detaillierte St\u00fcckliste eingeben. Im Stoff-Laden habe ich alle Informationen dabei, kann mich vom Fachpersonal besser beraten lassen. Zuhause liegt das Kindle direkt neben der N\u00e4hmaschine, es nimmt wenig Platz und wenn ich es beende, sind alle B\u00fccher und Hefte korrekt versorgt. Kein langwieriges Suchen mehr.<\/p>\n<p>Bildschirmgr\u00f6sse: 15 Zentimeter (6 Zoll) P<br \/>\nAbmessungen: 169mm x 117mm x 9,1mm<br \/>\nGewicht: etwa 200-220 Gramm;<br \/>\nEs hat keine Anforderungen an ein Netz, die Verbindung ist drahtlos und es wird kein Computer ben\u00f6tigt, um Inhalte herunterzuladen<br \/>\nMit einer Ladung k\u00f6nnen Sie, bei einer halben Stunde Lesezeit pro Tag  bis zu sechs Wochen lesen. Abh\u00e4ngig von der Licht- und WLAN-Nutzung kann die Akku-Laufzeit abweichen<br \/>\nDas Ger\u00e4t l\u00e4sst sich mithilfe des mitgelieferten USB-2.0-Kabels \u00fcber einen Computer in vier Stunden voll aufladen.<\/p>\n<h5>thekoles bewertete in Amazon:<\/h5>\n<blockquote><p>&#8230; ich bin begeistert. Meine anf\u00e4ngliche Skepsis in Bezug auf Handlichkeit und Gewicht hat sich v\u00f6llig verfl\u00fcchtigt. Das Ding ist deutlich leichter als ein Buch und l\u00e4sst sich verdammt gut halten. Auch ist es sch\u00f6n das man ihn z.B. auf einem Kissen ablegen kann und dann auch ohne Probleme lesen kann.<\/p>\n<p>Richtig gut aber ist die Hintergrundbeleuchtung, den nun kann man auch im Bett bei wenig oder sogar gar keinem Licht im Raum lesen.<\/p>\n<p>Also f\u00fcr mich hat sich die Anschaffung auf jeden Fall gelohnt und ich w\u00fcrde mir so ein Teil immer wieder holen. Ist aber eben sicher Geschmackssache ob man ein E-Book Reader w\u00e4hlt oder aber bei dem guten alten Buch bleibt. Aber ich kann eigentlich jedem empfehlen der gerne liest es einfach mal zu versuchen.<\/p><\/blockquote>\n","protected":false},"excerpt":{"rendered":"<p>Ihre Bibliothek direkt am N\u00e4htisch Eigentlich war ich skeptisch als mir die S\u00f6hne einen Kindle Paperwhite schenkten. Wozu auch? In meinen N\u00e4hb\u00fcchern und -heften kann mich mir Notizen hinterlegen, mit Buchzeichen habe ich schnellen Zugriff &#8211; es ist ja alles bestens organisiert. Brauch ich nicht. Schon bald merkte ich, dass ich wie auf gedrucktem Papier lesen kann, ja die Lesequalit\u00e4t ist immer gleich, nicht das eine mal billiges Zeitungspapier, dann <a class=\"more-link\" href=\"https:\/\/naehbistro.ch\/blog\/lesen-mit-kindle-paperwhite\/\">>> Weiterlesen<\/a><\/p>\n","protected":false},"author":9,"featured_media":0,"parent":0,"menu_order":0,"comment_status":"closed","ping_status":"closed","template":"","meta":{"footnotes":""},"class_list":["post-4569","page","type-page","status-publish","hentry"],"jetpack_shortlink":"https:\/\/wp.me\/Pv2vX-1bH","jetpack-related-posts":[{"id":4483,"url":"https:\/\/naehbistro.ch\/blog\/lehrreiche-naehbuecher\/","url_meta":{"origin":4569,"position":0},"title":"N\u00e4h-Literatur","author":"Heribert Burkhard","date":"14. April 2016","format":false,"excerpt":"Lesenswerte B\u00fccher St\u00f6bern in einer Buchhandlung ist zwar immer wieder anregend, leider findet man selten die n\u00f6tige Zeit daf\u00fcr. Amazon liefert nahezu jedes Buch direkt nach Hause. Der Versand ist schnell und in der Regel kostenlos, ebenso ist Amazon kulant und ein sicherer Lieferant. Da m\u00fcssen Sie keine Angst haben,\u2026","rel":"","context":"\u00c4hnlicher Beitrag","block_context":{"text":"\u00c4hnlicher Beitrag","link":""},"img":{"alt_text":"","src":"","width":0,"height":0},"classes":[]},{"id":4576,"url":"https:\/\/naehbistro.ch\/blog\/selber-schneidern-liegt-im-trend\/","url_meta":{"origin":4569,"position":1},"title":"Selber Schneidern liegt im Trend","author":"Heribert Burkhard","date":"2. Oktober 2016","format":false,"excerpt":"Der einzige Mensch, der sich vern\u00fcnftig benimmt, ist mein Schneider. Er nimmt jedesmal neu Mass, wenn er mich trifft, w\u00e4hrend alle anderen immer die alten Massst\u00e4be anlegen in der Meinung, sie passten auch heute noch.\u201c \u00a0\u00a0\u00a0\u00a0\u00a0 George Bernard Shaw Wer dem Trend nachl\u00e4uft ist immer zu sp\u00e4t, setzen Sie den\u2026","rel":"","context":"\u00c4hnlicher Beitrag","block_context":{"text":"\u00c4hnlicher Beitrag","link":""},"img":{"alt_text":"","src":"","width":0,"height":0},"classes":[]},{"id":4201,"url":"https:\/\/naehbistro.ch\/blog\/kostenlose-schnittmuster\/","url_meta":{"origin":4569,"position":2},"title":"Empfohlene und kostenlose Schnittmuster","author":"Heribert Burkhard","date":"26. April 2015","format":false,"excerpt":"Weitere finden Sie \u00fcber die Google-Anzeigen. Da habe ich schon einige tolle Schnittmuster und Ideen gefunden (Leider kosteten sie meistens etwas, wenn auch nur wenig. Sie waren es aber wert.) Balihose \u00a0 Balihose - die weitgeschnittene Hose mit Krempelbund Die weite Sommerhose wird nach einem einfachen Schema zugeschnitten und ist\u2026","rel":"","context":"\u00c4hnlicher Beitrag","block_context":{"text":"\u00c4hnlicher Beitrag","link":""},"img":{"alt_text":"","src":"","width":0,"height":0},"classes":[]},{"id":4572,"url":"https:\/\/naehbistro.ch\/blog\/sehenswerte-videos\/","url_meta":{"origin":4569,"position":3},"title":"Sehenswerte Videos","author":"Heribert Burkhard","date":"2. Oktober 2016","format":false,"excerpt":"Verschiedene Video-Anbieter im Internet (wie Youtube, Vimeo) bieten kostenlose Videos zum Anschauen. Leider ben\u00f6tigt es Spezialwissen, um diese f\u00fcr sich herunterzuladen. Oft ist es auch ungesetzlich. Hier eine Auswahl guter und hilfreicher Videos: DIY: Schnell & einfach Tischsets n\u00e4hen (f\u00fcr Anf\u00e4nger geeignet) Ein Tischset ist eine gute N\u00e4h\u00fcbung f\u00fcr Anf\u00e4nger.\u2026","rel":"","context":"\u00c4hnlicher Beitrag","block_context":{"text":"\u00c4hnlicher Beitrag","link":""},"img":{"alt_text":"","src":"","width":0,"height":0},"classes":[]},{"id":2470,"url":"https:\/\/naehbistro.ch\/blog\/nahmaschinen\/","url_meta":{"origin":4569,"position":4},"title":"N\u00e4hmaschinen","author":"Heribert Burkhard","date":"11. Juli 2016","format":false,"excerpt":"Heute sind in vielen Haushalten noch eine mechanische N\u00e4h\u00admaschine in Gebrauch, die vor vielen Jahren oft zur Hochzeit geschenkt wurde. Die Maschine bot nur wenige Stiche, die man an einem Handrad einstellen musste, im wwesentlichen sind sie jedoch gleich geblieben: der Oberfaden muss eingef\u00e4delt, die Spulen eingesetzt und die Stichart\u2026","rel":"","context":"\u00c4hnlicher Beitrag","block_context":{"text":"\u00c4hnlicher Beitrag","link":""},"img":{"alt_text":"b_info25","src":"https:\/\/i0.wp.com\/naehbistro.ch\/blog\/wp-content\/uploads\/2012\/07\/b_info25.jpg?resize=350%2C200&ssl=1","width":350,"height":200},"classes":[]},{"id":2062,"url":"https:\/\/naehbistro.ch\/blog\/kontakt\/","url_meta":{"origin":4569,"position":5},"title":"Kontakt","author":"Heribert Burkhard","date":"3. Dezember 2015","format":false,"excerpt":"Beitr\u00e4ge und Bilder d\u00fcrfen nur mit unserem Einverst\u00e4ndnis kopiert werden. \u00a0 \u00a0 Haftungsausschluss 1. Inhalt der Webseite Der Autor \u00fcbernimmt keinerlei Gew\u00e4hr f\u00fcr die Aktualit\u00e4t, Korrektheit, Vollst\u00e4ndigkeit oder Qualit\u00e4t der bereitgestellten Informationen. Haftungsanspr\u00fcche gegen den Autor, welche sich auf Sch\u00e4den materieller oder ideeller Art beziehen, die durch die Nutzung oder\u2026","rel":"","context":"\u00c4hnlicher Beitrag","block_context":{"text":"\u00c4hnlicher Beitrag","link":""},"img":{"alt_text":"","src":"https:\/\/i0.wp.com\/naehbistro.ch\/blog\/wp-content\/uploads\/2011\/12\/info-300x165.png?resize=350%2C200&ssl=1","width":350,"height":200},"classes":[]}],"jetpack_sharing_enabled":true,"_links":{"self":[{"href":"https:\/\/naehbistro.ch\/blog\/wp-json\/wp\/v2\/pages\/4569","targetHints":{"allow":["GET"]}}],"collection":[{"href":"https:\/\/naehbistro.ch\/blog\/wp-json\/wp\/v2\/pages"}],"about":[{"href":"https:\/\/naehbistro.ch\/blog\/wp-json\/wp\/v2\/types\/page"}],"author":[{"embeddable":true,"href":"https:\/\/naehbistro.ch\/blog\/wp-json\/wp\/v2\/users\/9"}],"replies":[{"embeddable":true,"href":"https:\/\/naehbistro.ch\/blog\/wp-json\/wp\/v2\/comments?post=4569"}],"version-history":[{"count":0,"href":"https:\/\/naehbistro.ch\/blog\/wp-json\/wp\/v2\/pages\/4569\/revisions"}],"wp:attachment":[{"href":"https:\/\/naehbistro.ch\/blog\/wp-json\/wp\/v2\/media?parent=4569"}],"curies":[{"name":"wp","href":"https:\/\/api.w.org\/{rel}","templated":true}]}}