{"id":4572,"date":"2016-10-02T18:50:04","date_gmt":"2016-10-02T16:50:04","guid":{"rendered":"http:\/\/naehbistro.ch\/blog\/?page_id=4572"},"modified":"2020-05-01T14:17:25","modified_gmt":"2020-05-01T12:17:25","slug":"sehenswerte-videos","status":"publish","type":"page","link":"https:\/\/naehbistro.ch\/blog\/sehenswerte-videos\/","title":{"rendered":"Sehenswerte Videos"},"content":{"rendered":"<p>Verschiedene Video-Anbieter im Internet (wie Youtube, Vimeo) bieten kostenlose Videos zum Anschauen. Leider ben\u00f6tigt es Spezialwissen, um diese f\u00fcr sich herunterzuladen. Oft ist es auch ungesetzlich.<br \/>\nHier eine Auswahl guter und hilfreicher Videos:<\/p>\n<hr \/>\n<h4>DIY: Schnell &amp; einfach Tischsets n\u00e4hen (f\u00fcr Anf\u00e4nger geeignet)<\/h4>\n<p>Ein Tischset ist eine gute N\u00e4h\u00fcbung f\u00fcr Anf\u00e4nger. Sie hat nur gerade Seiten und man hat schnell ein sch\u00f6nes Ergebnis hat. Es kann immer wieder gebraucht werden, bei einem sch\u00f6nen Essen mit netten Freunden oder als Mitbringsel zu einer Einladung.<\/p>\n<hr \/>\n<h4>N\u00e4hkurs \/ Grundkurs &#8211; Oberteil \/ T-Shirt \/ Langarmshirt selber n\u00e4hen &#8211; N\u00e4hen f\u00fcr Anf\u00e4nger<\/h4>\n<p>von Mein Zierstoff<br \/>\nWie n\u00e4he ich ein T-Shirt? N\u00e4hen f\u00fcr Anf\u00e4nger. Hier zeigen wir Euch, wie man ein Shirt, Oberteil mit \u00c4rmel selber zusammen n\u00e4ht.<\/p>\n","protected":false},"excerpt":{"rendered":"<p>Verschiedene Video-Anbieter im Internet (wie Youtube, Vimeo) bieten kostenlose Videos zum Anschauen. Leider ben\u00f6tigt es Spezialwissen, um diese f\u00fcr sich herunterzuladen. Oft ist es auch ungesetzlich. Hier eine Auswahl guter und hilfreicher Videos: DIY: Schnell &amp; einfach Tischsets n\u00e4hen (f\u00fcr Anf\u00e4nger geeignet) Ein Tischset ist eine gute N\u00e4h\u00fcbung f\u00fcr Anf\u00e4nger. Sie hat nur gerade Seiten und man hat schnell ein sch\u00f6nes Ergebnis hat. Es kann immer wieder gebraucht werden, bei <a class=\"more-link\" href=\"https:\/\/naehbistro.ch\/blog\/sehenswerte-videos\/\">>> Weiterlesen<\/a><\/p>\n","protected":false},"author":9,"featured_media":0,"parent":0,"menu_order":0,"comment_status":"closed","ping_status":"closed","template":"","meta":{"footnotes":""},"class_list":["post-4572","page","type-page","status-publish","hentry"],"jetpack_shortlink":"https:\/\/wp.me\/Pv2vX-1bK","jetpack-related-posts":[{"id":4483,"url":"https:\/\/naehbistro.ch\/blog\/lehrreiche-naehbuecher\/","url_meta":{"origin":4572,"position":0},"title":"N\u00e4h-Literatur","author":"Heribert Burkhard","date":"14. April 2016","format":false,"excerpt":"Lesenswerte B\u00fccher St\u00f6bern in einer Buchhandlung ist zwar immer wieder anregend, leider findet man selten die n\u00f6tige Zeit daf\u00fcr. Amazon liefert nahezu jedes Buch direkt nach Hause. Der Versand ist schnell und in der Regel kostenlos, ebenso ist Amazon kulant und ein sicherer Lieferant. Da m\u00fcssen Sie keine Angst haben,\u2026","rel":"","context":"\u00c4hnlicher Beitrag","block_context":{"text":"\u00c4hnlicher Beitrag","link":""},"img":{"alt_text":"","src":"","width":0,"height":0},"classes":[]},{"id":2470,"url":"https:\/\/naehbistro.ch\/blog\/nahmaschinen\/","url_meta":{"origin":4572,"position":1},"title":"N\u00e4hmaschinen","author":"Heribert Burkhard","date":"11. Juli 2016","format":false,"excerpt":"Heute sind in vielen Haushalten noch eine mechanische N\u00e4h\u00admaschine in Gebrauch, die vor vielen Jahren oft zur Hochzeit geschenkt wurde. Die Maschine bot nur wenige Stiche, die man an einem Handrad einstellen musste, im wwesentlichen sind sie jedoch gleich geblieben: der Oberfaden muss eingef\u00e4delt, die Spulen eingesetzt und die Stichart\u2026","rel":"","context":"\u00c4hnlicher Beitrag","block_context":{"text":"\u00c4hnlicher Beitrag","link":""},"img":{"alt_text":"b_info25","src":"https:\/\/i0.wp.com\/naehbistro.ch\/blog\/wp-content\/uploads\/2012\/07\/b_info25.jpg?resize=350%2C200&ssl=1","width":350,"height":200},"classes":[]},{"id":3502,"url":"https:\/\/naehbistro.ch\/blog\/die-meistverkauften\/","url_meta":{"origin":4572,"position":2},"title":"Die Meistverkauften","author":"Heribert Burkhard","date":"4. November 2015","format":false,"excerpt":"Carina Comfort 40 Nutz- und Zierstiche mit diversen Overlockstichen zum N\u00e4hen und Vers\u00e4ubern von elastischen Stoffen. 4-Stufen-Knopflochautomatik. Die hohe Durchstichskraft garantiert das N\u00e4hen von dicken und d\u00fcnnen Stoffen, sie n\u00e4ht auch problematische Stoffe wie Jersey oder Stretch m\u00fchelos. Empfehlenswert, mit f\u00fcnf Jahren Garantie. Amazon.de Widgets W6 N\u00e4hmaschine N 1235 Eine\u2026","rel":"","context":"\u00c4hnlicher Beitrag","block_context":{"text":"\u00c4hnlicher Beitrag","link":""},"img":{"alt_text":"b_info25","src":"https:\/\/i0.wp.com\/naehbistro.ch\/blog\/wp-content\/uploads\/2012\/07\/b_info25.jpg?resize=350%2C200&ssl=1","width":350,"height":200},"classes":[]},{"id":4576,"url":"https:\/\/naehbistro.ch\/blog\/selber-schneidern-liegt-im-trend\/","url_meta":{"origin":4572,"position":3},"title":"Selber Schneidern liegt im Trend","author":"Heribert Burkhard","date":"2. Oktober 2016","format":false,"excerpt":"Der einzige Mensch, der sich vern\u00fcnftig benimmt, ist mein Schneider. Er nimmt jedesmal neu Mass, wenn er mich trifft, w\u00e4hrend alle anderen immer die alten Massst\u00e4be anlegen in der Meinung, sie passten auch heute noch.\u201c \u00a0\u00a0\u00a0\u00a0\u00a0 George Bernard Shaw Wer dem Trend nachl\u00e4uft ist immer zu sp\u00e4t, setzen Sie den\u2026","rel":"","context":"\u00c4hnlicher Beitrag","block_context":{"text":"\u00c4hnlicher Beitrag","link":""},"img":{"alt_text":"","src":"","width":0,"height":0},"classes":[]},{"id":4201,"url":"https:\/\/naehbistro.ch\/blog\/kostenlose-schnittmuster\/","url_meta":{"origin":4572,"position":4},"title":"Empfohlene und kostenlose Schnittmuster","author":"Heribert Burkhard","date":"26. April 2015","format":false,"excerpt":"Weitere finden Sie \u00fcber die Google-Anzeigen. Da habe ich schon einige tolle Schnittmuster und Ideen gefunden (Leider kosteten sie meistens etwas, wenn auch nur wenig. Sie waren es aber wert.) Balihose \u00a0 Balihose - die weitgeschnittene Hose mit Krempelbund Die weite Sommerhose wird nach einem einfachen Schema zugeschnitten und ist\u2026","rel":"","context":"\u00c4hnlicher Beitrag","block_context":{"text":"\u00c4hnlicher Beitrag","link":""},"img":{"alt_text":"","src":"","width":0,"height":0},"classes":[]},{"id":4569,"url":"https:\/\/naehbistro.ch\/blog\/lesen-mit-kindle-paperwhite\/","url_meta":{"origin":4572,"position":5},"title":"Lesen mit Kindle Paperwhite","author":"Heribert Burkhard","date":"2. Oktober 2016","format":false,"excerpt":"Ihre Bibliothek direkt am N\u00e4htisch Eigentlich war ich skeptisch als mir die S\u00f6hne einen Kindle Paperwhite schenkten. Wozu auch? In meinen N\u00e4hb\u00fcchern und -heften kann mich mir Notizen hinterlegen, mit Buchzeichen habe ich schnellen Zugriff - es ist ja alles bestens organisiert. Brauch ich nicht. Schon bald merkte ich, dass\u2026","rel":"","context":"\u00c4hnlicher Beitrag","block_context":{"text":"\u00c4hnlicher Beitrag","link":""},"img":{"alt_text":"","src":"","width":0,"height":0},"classes":[]}],"jetpack_sharing_enabled":true,"_links":{"self":[{"href":"https:\/\/naehbistro.ch\/blog\/wp-json\/wp\/v2\/pages\/4572","targetHints":{"allow":["GET"]}}],"collection":[{"href":"https:\/\/naehbistro.ch\/blog\/wp-json\/wp\/v2\/pages"}],"about":[{"href":"https:\/\/naehbistro.ch\/blog\/wp-json\/wp\/v2\/types\/page"}],"author":[{"embeddable":true,"href":"https:\/\/naehbistro.ch\/blog\/wp-json\/wp\/v2\/users\/9"}],"replies":[{"embeddable":true,"href":"https:\/\/naehbistro.ch\/blog\/wp-json\/wp\/v2\/comments?post=4572"}],"version-history":[{"count":0,"href":"https:\/\/naehbistro.ch\/blog\/wp-json\/wp\/v2\/pages\/4572\/revisions"}],"wp:attachment":[{"href":"https:\/\/naehbistro.ch\/blog\/wp-json\/wp\/v2\/media?parent=4572"}],"curies":[{"name":"wp","href":"https:\/\/api.w.org\/{rel}","templated":true}]}}