{"id":4576,"date":"2016-10-02T18:50:33","date_gmt":"2016-10-02T16:50:33","guid":{"rendered":"http:\/\/naehbistro.ch\/blog\/?page_id=4576"},"modified":"2020-02-22T09:13:10","modified_gmt":"2020-02-22T08:13:10","slug":"selber-schneidern-liegt-im-trend","status":"publish","type":"page","link":"https:\/\/naehbistro.ch\/blog\/selber-schneidern-liegt-im-trend\/","title":{"rendered":"Selber Schneidern liegt im Trend"},"content":{"rendered":"<p><em>Der einzige Mensch, der sich vern\u00fcnftig benimmt, ist mein Schneider.<br \/>\nEr nimmt jedesmal neu Mass, wenn er mich trifft,<br \/>\nw\u00e4hrend alle anderen immer die alten Massst\u00e4be anlegen<br \/>\nin der Meinung, sie passten auch heute noch.\u201c<br \/>\n<\/em><\/p>\n<h5>&nbsp;&nbsp;&nbsp;&nbsp;&nbsp; <em>George Bernard Shaw<\/em><\/h5>\n<h3><\/h3>\n<h3>Wer dem Trend nachl\u00e4uft ist immer zu sp\u00e4t, setzen Sie den Trend selbst.<\/h3>\n<p>Selber die eigene Mode zu gestalten und zu fertigen macht erstens viel Spass und bringt Ihnen Anerkennung. Sie k\u00f6nnen mit einfachen Werkst\u00fccken beginnen und sich laufend weiter verbessern, der Anfang ist leichter als Sie denken. Es aktiviert beide Gehirnh\u00e4lften, die rechte f\u00fcr das kreative Design und die linke f\u00fcr das handwerkliche Geschick. Und als Ergebnis: Eine Mode die Ihnen gef\u00e4llt aus Materialien, die Ihnen zusagt und sch\u00f6ner miteinander. Und das Beste: Als Endergebnis halten Sie ein Kleidungsst\u00fcck von h\u00f6chster Qualit\u00e4t in H\u00e4nden, welches Ihren W\u00fcnschen und erst noch Bewunderung bei Ihren Bekannten ausl\u00f6st. Das eigene Kleid macht Sie zu Pers\u00f6nlichkeit.<\/p>\n<p>Wenn Sie im selbstgefertigten Kleid zur Feier oder einem anderen festlichen Anlass erscheinen und gefragt werden, von welchem Designer dieses zauberhafte Ensemble stammt oder wo Sie es gekauft haben, gibt es dann ein netteres Kompliment oder Lob ? In jedem Fall werden Sie Ihre N\u00e4hmaschine zuhause sch\u00e4tzen. Dies wird Ihnen Sicherheit geben und f\u00fcr neue Projekte anspornen.<\/p>\n<h3>Einige Gr\u00fcnde zum Selberschneidern oder Selbern\u00e4hen<\/h3>\n<p>Selber N\u00e4hen lohnt sich in vielen F\u00e4llen. Einerseits sind es finanzielle Gr\u00fcnde (ein professioneller Schneider kostet doch etwas), aber auch zeitliche Gr\u00fcnde (man muss hinfahren, alles genau erkl\u00e4ren und nach einiger Zeit wieder abholen) oder man muss einige Zeit warten, bis die Arbeit auch erledigt ist (manchmal zu lange).<\/p>\n<p>Nicht immer entsprechen die gekauften Kleider exakt Ihren Massen. Die Hosenbeine, der Rock oder die Aermel sind zu lange, der Bund oder die Taille ist zu weit, da kann man die Sachen einfach selber \u00e4ndern. Da ist man froh, wenn man selber N\u00e4hen kann.<\/p>\n<p>Aber auch Haushaltstextilien wie Kissenbez\u00fcge, Tischdecken, Tischsets, Stoffservietten oder Bettw\u00e4sche. Speziell wenn man f\u00fcr das Wohnzimmersofa etwas Ausgefallenes will. Da muss man die eigene Hand anlegen, sonst wird es unbezahlbar. Da ist man froh, wenn man selber N\u00e4hen kann.<\/p>\n<p>Es gibt viele andere Sachen, die man sich vorstellt oder w\u00fcnscht, die man im Handel nicht erh\u00e4lt. Oder die man in einem Internet-Onlineshop gesehen hat, aber leider ist der Shop irgendwo in Uebersee und man getraut sich nicht dort zu bestellen. Man h\u00f6rt und liest ja soviel \u00fcber unseri\u00f6se H\u00e4ndler. Und auch Ausgefallenes m\u00fcssen Sie selbst herstellen. Da ist man froh, wenn man selber N\u00e4hen kann.<\/p>\n<h3>Was Sie zum Selberschneidern ben\u00f6tigen ?<\/h3>\n<p>Der abgesprungene Knopf an der Jacke, dem Hemd oder der Arbeitshose oder eine Reparatur eines anderen Stoffteils \u2013 immer wieder fallen im Haushalt kleine Arbeiten an. Vielfach werden die wesentlich schneller von Hand ausgef\u00fchrt als mit einer N\u00e4hmaschine. Wer hat schon Lust wegen einer kleinen Naht die N\u00e4hmaschine aufzustellen, besonders wenn es eine schwere Profimaschine ist. In den meisten F\u00e4llen bringt eine N\u00e4hmaschine bessere Resultate, denn eine saubere Naht von Hand zu machen, braucht einige Fertigkeit und Routine.<\/p>\n<p>Nebst Ihren pers\u00f6nlichen F\u00e4higkeiten wie Freude, Ideen und Wille ben\u00f6tigen Sie Sachmittel wie eine Auswahl an Stoffen, dazu Scheren, Faden, Nadeln und damit Sie Ihre Ziele schneller erreichen: eine N\u00e4hmaschine. Gute professionelle Maschinen finden Sie im Fachhandel, da erhalten Sie auch Beratung f\u00fcr den Kauf. In den meisten F\u00e4llen gen\u00fcgt eine <a href=\"https:\/\/naehbistro.ch\/naehmaschinen\/\" target=\"_blank\" rel=\"noopener noreferrer\"> preiswerte Maschine<\/a> im Rahmen von 100 bis 300 Euro. Dass der Fachh\u00e4ndler bei dieser Gewinnmarge keine lange Beratung und Hilfe nach dem Kauf bieten kann, keuchtet ein. Aus diesem Grund bestellt man die meistens \u00fcber den Online-Handel. Dieses Webazine hilft Ihnen bei der Auswahl der f\u00fcr Sie besten Maschine. Gleichzeitig sind Links zu Amazon eingebaut, da sind sie in der Regel am g\u00fcnstigsten und Sie wissen, dass Sie nicht \u00fcber den Tisch gezogen werden.<\/p>\n<p>Sie ben\u00f6tigen einen Stoff. Stoffe unterscheiden sich nicht nur durch ihre Fasern, sondern auch in der Verarbeitung der Garne. F\u00fcr ein gelungenes Kleidungsst\u00fcck ist der Schnitt, die Passform und vor allem die Wahl des Stoffes ausschlaggebend. Am einfachsten sind gewebte Stoffe zu verarbeiten. Feine Stoffe brauchen eine d\u00fcnne Nadel (St\u00e4rke 70 oder 80) und kleine Stiche (ca. 2mm Stichl\u00e4nge). Grobe, feste Stoffe werden mit ca. 2,5 bis 3mm Stichl\u00e4nge und dickerer Nadel (St\u00e4rke 80 oder 90) gen\u00e4ht. F\u00fcr Jeans die besonders robusten Jeansnadeln verwenden.<br \/>\nDer Baumwollstoff wird aus der Samenkapsel der Baumwollpflanze gewonnen, er ist widerstandsf\u00e4hig, hautfreundlich und angenehm zu tragen.<\/p>\n<p>Im Laufe seiner Weltkarriere ist der Jeansstoff vom Kellerkind zum Superstar aufgestiegen und hat jeden Trend \u00fcberlebt: Denim, der Stoff f\u00fcr alle Modef\u00e4lle! Wie Sie mit dem Multitalent am besten umgehen, lesen Sie hier.<\/p>\n<p>Zus\u00e4tzlich werden ja nach Werkst\u00fcck Utensilien, wie Zuschneideschere, Handschere, spezieller Nadeln, B\u00fcgeleisen und weitere Materialien ben\u00f6tigt: Reissverschl\u00fcsse, Kn\u00f6pfe, Faden, Garne, N\u00e4hseide (vom Fachgesch\u00e4ft und nicht vom Billigmarkt, diese kann sich farblich ver\u00e4ndern oder eingehen), Polystern\u00e4hgarn (der geht f\u00fcr alle Stoffe, ausser Kochw\u00e4sche), weisse Schneiderkreide, Kopierr\u00e4dchen, Stecknadeln und evtl. Verzierungen ben\u00f6tigt. Kaufen Sie einen g\u00fcnstigen Stoff (oder nehmen Sie am Anfang ein altes Bettlaken oder -\u00fcberzug, Tischtuch oder sonst was) &#8211; beginnen Sie mit einem leichten Baumwollstoff und schneidern Sie zuerst ein Probemodell. Falls Sie einen neuen Originalstoff kaufen, m\u00fcssen Sie den vor dem Zuschneiden vorwaschen. In der Regel schrumpfen diese Stoffe leicht, deshalb sollte man etwa 10 cm mehr Stoff kaufen als gem\u00e4ss Schnittmuster ben\u00f6tigst werden.<\/p>\n<p>Es braucht aber auch Informationen: Wie Schnittmuster und Lehrb\u00fccher. Falls Sie selber Kleider n\u00e4hen wollen, empfehlen wir den Kauf eines Schnittmusters (z.B. Burda, Dawanda, Vogue usw.) besorgen. Auf der H\u00fclle sind ausreichend Informationen gedruckt, in der Packung befindet sich d\u00fcnnes durchscheinendes Papier, auf welchem die Bestandteile des Kleides aufgedruckt sind mit einer ausf\u00fchrlichen Anleitung,<br \/>\nSie finden eine grosse Anzahl <a href=\"https:\/\/naehbistro.ch\/naehmaschinen\/schnittmuster\/\" target=\"_blank\" rel=\"noopener noreferrer\"> kostenloser oder g\u00fcnstiger Schnittmuster<\/a> sowie empfohlene B\u00fccher und Links zu anderen Seiten. Burda Hefte haben viele Schnitte zu einem g\u00fcnstigen und zivilen Preis, aber man muss die Schnitte erst m\u00fchsam herauskopieren. F\u00fcr den Anfang kauft man sich besser ein einfaches fertiges Schnittmuster im Fachhandel.<\/p>\n<h3>Wie Sie Geld und Zeit sparen<\/h3>\n<p>Oft kauft man eine neue Hose oder eine Jeans. Man f\u00e4hrt eigens in die Stadt &#8211; zuhause merkt man, dass die Beine zu lange sind. Mit der eigenen N\u00e4hmaschine sparen Sie den Weg zur\u00fcck in den Laden und das Geld f\u00fcr das Aendern. Aber auch das Ersetzen von Reissverschl\u00fcssen, das Flicken zerschlissener Kinderhosen, das Befestigen von abgerissenen Kn\u00f6pfen. All das k\u00f6nnen Sie selbst erledigen, die N\u00e4hmaschine macht sich selbst bezahlt.<\/p>\n<h3>Wenn man wirklich will, dann kann man es<\/h3>\n<p>Wie alles im Leben ist auch Schneidern weitgehend eine \u00dcbungssache. Schneiderinnen m\u00fcssen nicht grundlos jahrelang lernen. Am einfachsten ist, wenn man einen N\u00e4hkurs besucht &#8211; man lernt nicht nur das N\u00e4hen, sondern lernt viele Gleichgesinnte kennen. Verk\u00e4uferinnen im Stoffgesch\u00e4ft haben vielfach zu wenig Erfahrung und erhalten ihren Lohn f\u00fcr den Verkauf und nicht, um Sie zu schulen. Lesen Sie Fachb\u00fccher und -hefte. Und vor allem \u00fcben, \u00fcben, \u00fcben. Nur wer es selbst gemacht hat, weiss wie es geht.<\/p>\n","protected":false},"excerpt":{"rendered":"<p>Der einzige Mensch, der sich vern\u00fcnftig benimmt, ist mein Schneider. Er nimmt jedesmal neu Mass, wenn er mich trifft, w\u00e4hrend alle anderen immer die alten Massst\u00e4be anlegen in der Meinung, sie passten auch heute noch.\u201c &nbsp;&nbsp;&nbsp;&nbsp;&nbsp; George Bernard Shaw Wer dem Trend nachl\u00e4uft ist immer zu sp\u00e4t, setzen Sie den Trend selbst. Selber die eigene Mode zu gestalten und zu fertigen macht erstens viel Spass und bringt Ihnen Anerkennung. Sie <a class=\"more-link\" href=\"https:\/\/naehbistro.ch\/blog\/selber-schneidern-liegt-im-trend\/\">>> Weiterlesen<\/a><\/p>\n","protected":false},"author":9,"featured_media":0,"parent":0,"menu_order":0,"comment_status":"closed","ping_status":"closed","template":"","meta":{"footnotes":""},"class_list":["post-4576","page","type-page","status-publish","hentry"],"jetpack_shortlink":"https:\/\/wp.me\/Pv2vX-1bO","jetpack-related-posts":[{"id":4201,"url":"https:\/\/naehbistro.ch\/blog\/kostenlose-schnittmuster\/","url_meta":{"origin":4576,"position":0},"title":"Empfohlene und kostenlose Schnittmuster","author":"Heribert Burkhard","date":"26. April 2015","format":false,"excerpt":"Weitere finden Sie \u00fcber die Google-Anzeigen. Da habe ich schon einige tolle Schnittmuster und Ideen gefunden (Leider kosteten sie meistens etwas, wenn auch nur wenig. Sie waren es aber wert.) Balihose \u00a0 Balihose - die weitgeschnittene Hose mit Krempelbund Die weite Sommerhose wird nach einem einfachen Schema zugeschnitten und ist\u2026","rel":"","context":"\u00c4hnlicher Beitrag","block_context":{"text":"\u00c4hnlicher Beitrag","link":""},"img":{"alt_text":"","src":"","width":0,"height":0},"classes":[]},{"id":2470,"url":"https:\/\/naehbistro.ch\/blog\/nahmaschinen\/","url_meta":{"origin":4576,"position":1},"title":"N\u00e4hmaschinen","author":"Heribert Burkhard","date":"11. Juli 2016","format":false,"excerpt":"Heute sind in vielen Haushalten noch eine mechanische N\u00e4h\u00admaschine in Gebrauch, die vor vielen Jahren oft zur Hochzeit geschenkt wurde. Die Maschine bot nur wenige Stiche, die man an einem Handrad einstellen musste, im wwesentlichen sind sie jedoch gleich geblieben: der Oberfaden muss eingef\u00e4delt, die Spulen eingesetzt und die Stichart\u2026","rel":"","context":"\u00c4hnlicher Beitrag","block_context":{"text":"\u00c4hnlicher Beitrag","link":""},"img":{"alt_text":"b_info25","src":"https:\/\/i0.wp.com\/naehbistro.ch\/blog\/wp-content\/uploads\/2012\/07\/b_info25.jpg?resize=350%2C200&ssl=1","width":350,"height":200},"classes":[]},{"id":4483,"url":"https:\/\/naehbistro.ch\/blog\/lehrreiche-naehbuecher\/","url_meta":{"origin":4576,"position":2},"title":"N\u00e4h-Literatur","author":"Heribert Burkhard","date":"14. April 2016","format":false,"excerpt":"Lesenswerte B\u00fccher St\u00f6bern in einer Buchhandlung ist zwar immer wieder anregend, leider findet man selten die n\u00f6tige Zeit daf\u00fcr. Amazon liefert nahezu jedes Buch direkt nach Hause. Der Versand ist schnell und in der Regel kostenlos, ebenso ist Amazon kulant und ein sicherer Lieferant. Da m\u00fcssen Sie keine Angst haben,\u2026","rel":"","context":"\u00c4hnlicher Beitrag","block_context":{"text":"\u00c4hnlicher Beitrag","link":""},"img":{"alt_text":"","src":"","width":0,"height":0},"classes":[]},{"id":4569,"url":"https:\/\/naehbistro.ch\/blog\/lesen-mit-kindle-paperwhite\/","url_meta":{"origin":4576,"position":3},"title":"Lesen mit Kindle Paperwhite","author":"Heribert Burkhard","date":"2. Oktober 2016","format":false,"excerpt":"Ihre Bibliothek direkt am N\u00e4htisch Eigentlich war ich skeptisch als mir die S\u00f6hne einen Kindle Paperwhite schenkten. Wozu auch? In meinen N\u00e4hb\u00fcchern und -heften kann mich mir Notizen hinterlegen, mit Buchzeichen habe ich schnellen Zugriff - es ist ja alles bestens organisiert. Brauch ich nicht. Schon bald merkte ich, dass\u2026","rel":"","context":"\u00c4hnlicher Beitrag","block_context":{"text":"\u00c4hnlicher Beitrag","link":""},"img":{"alt_text":"","src":"","width":0,"height":0},"classes":[]},{"id":3928,"url":"https:\/\/naehbistro.ch\/blog\/datenschutzerklaerung\/","url_meta":{"origin":4576,"position":4},"title":"Datenschutzerkl\u00e4rung","author":"Heribert Burkhard","date":"30. Mai 2015","format":false,"excerpt":"Datenschutz Die Nutzung unserer Webseite ist in der Regel ohne Angabe personenbezogener Daten m\u00f6glich. Soweit auf unseren Seiten personenbezogene Daten (beispielsweise Name, Anschrift oder eMail-Adressen) erhoben werden, erfolgt dies, soweit m\u00f6glich, stets auf freiwilliger Basis. Diese Daten werden ohne Ihre ausdr\u00fcckliche Zustimmung nicht an Dritte weitergegeben.Wir weisen darauf hin, dass\u2026","rel":"","context":"\u00c4hnlicher Beitrag","block_context":{"text":"\u00c4hnlicher Beitrag","link":""},"img":{"alt_text":"","src":"","width":0,"height":0},"classes":[]},{"id":4572,"url":"https:\/\/naehbistro.ch\/blog\/sehenswerte-videos\/","url_meta":{"origin":4576,"position":5},"title":"Sehenswerte Videos","author":"Heribert Burkhard","date":"2. Oktober 2016","format":false,"excerpt":"Verschiedene Video-Anbieter im Internet (wie Youtube, Vimeo) bieten kostenlose Videos zum Anschauen. Leider ben\u00f6tigt es Spezialwissen, um diese f\u00fcr sich herunterzuladen. Oft ist es auch ungesetzlich. Hier eine Auswahl guter und hilfreicher Videos: DIY: Schnell & einfach Tischsets n\u00e4hen (f\u00fcr Anf\u00e4nger geeignet) Ein Tischset ist eine gute N\u00e4h\u00fcbung f\u00fcr Anf\u00e4nger.\u2026","rel":"","context":"\u00c4hnlicher Beitrag","block_context":{"text":"\u00c4hnlicher Beitrag","link":""},"img":{"alt_text":"","src":"","width":0,"height":0},"classes":[]}],"jetpack_sharing_enabled":true,"_links":{"self":[{"href":"https:\/\/naehbistro.ch\/blog\/wp-json\/wp\/v2\/pages\/4576","targetHints":{"allow":["GET"]}}],"collection":[{"href":"https:\/\/naehbistro.ch\/blog\/wp-json\/wp\/v2\/pages"}],"about":[{"href":"https:\/\/naehbistro.ch\/blog\/wp-json\/wp\/v2\/types\/page"}],"author":[{"embeddable":true,"href":"https:\/\/naehbistro.ch\/blog\/wp-json\/wp\/v2\/users\/9"}],"replies":[{"embeddable":true,"href":"https:\/\/naehbistro.ch\/blog\/wp-json\/wp\/v2\/comments?post=4576"}],"version-history":[{"count":0,"href":"https:\/\/naehbistro.ch\/blog\/wp-json\/wp\/v2\/pages\/4576\/revisions"}],"wp:attachment":[{"href":"https:\/\/naehbistro.ch\/blog\/wp-json\/wp\/v2\/media?parent=4576"}],"curies":[{"name":"wp","href":"https:\/\/api.w.org\/{rel}","templated":true}]}}